{"id":1038,"date":"2022-04-11T16:35:51","date_gmt":"2022-04-11T16:35:51","guid":{"rendered":"https:\/\/www.myGuitarARTcollection.ch\/?page_id=1038"},"modified":"2023-12-20T21:06:00","modified_gmt":"2023-12-20T21:06:00","slug":"kollektion-lets-share-rocky-se","status":"publish","type":"page","link":"https:\/\/www.myGuitarART.ch\/?page_id=1038","title":{"rendered":"Kollektion &#8222;Let&#8217;s Share \/ ROCKY SE&#8220;"},"content":{"rendered":"\n<div class=\"wp-block-cover alignfull\" style=\"min-height:700px;aspect-ratio:unset;\"><span aria-hidden=\"true\" class=\"wp-block-cover__background has-nv-light-bg-background-color has-background-dim-40 has-background-dim\"><\/span><img loading=\"lazy\" decoding=\"async\" width=\"1170\" height=\"563\" class=\"wp-block-cover__image-background wp-image-1343\" alt=\"\" src=\"http:\/\/www.myGuitarART.ch\/wp-content\/uploads\/2022\/04\/00032-e1650477639401.png\" style=\"object-position:52% 71%\" data-object-fit=\"cover\" data-object-position=\"52% 71%\"\/><div class=\"wp-block-cover__inner-container is-layout-flow wp-block-cover-is-layout-flow\">\n<div style=\"height:80px\" aria-hidden=\"true\" class=\"wp-block-spacer\"><\/div>\n\n\n\n<h1 class=\"wp-block-heading has-text-align-center has-neve-link-color-color has-text-color\"><strong>GuitarART<\/strong><\/h1>\n\n\n\n<h2 class=\"wp-block-heading has-text-align-center has-neve-link-color-color has-text-color\"><strong>&#8222;Let&#8217;s Share \/ ROCKY SE&#8220;<\/strong><\/h2>\n\n\n\n<p class=\"has-text-align-center has-neve-link-color-color has-text-color\">Basierend auf &#8222;The ROCKY&#8220; thematisierte Modelle.<\/p>\n\n\n\n<div style=\"height:80px\" aria-hidden=\"true\" class=\"wp-block-spacer\"><\/div>\n\n\n\n<div style=\"height:80px\" aria-hidden=\"true\" class=\"wp-block-spacer\"><\/div>\n<\/div><\/div>\n\n\n\n<div style=\"height:40px\" aria-hidden=\"true\" class=\"wp-block-spacer\"><\/div>\n\n\n\n<h2 class=\"wp-block-heading\">Verzeichnis<\/h2>\n\n\n\n<p>Die Kollektion &#8222;Let&#8217;s Share \/ ROCKY SE&#8220; umfasst verschiedene Modelle, jedoch alle auf Basis einer Stratocaster. Es sind ausschliesslich Unikate, da zwar das Muster der Bemalung nah am Original angelehnt ist, aber die Farbgestaltung thematisiert und sehr unterschiedlich ist. SE steht f\u00fcr Special Edition. Zu jeder E-Gitarre geh\u00f6rt ein E-Gitarren-Verst\u00e4rker, der ad\u00e4quat zur E-Gitarre gestaltet wurde. Diese Kollektion werde ich von Zeit zu Zeit erg\u00e4nzen.<\/p>\n\n\n\n<p>Aktuell sind 7 Instrumente fertig resp. kurz vor der Fertigstellung. Diese werde ich auf einer Extraseite mit umfassender Beschreibung und detaillierten Bildern nach und nach neben der Arbeit im Atelier beschreiben und hier publizieren. Auch hier bitte ich euch um noch etwas Geduld. MERCI<\/p>\n\n\n\n<div style=\"height:50px\" aria-hidden=\"true\" class=\"wp-block-spacer\"><\/div>\n\n\n\n<div class=\"wp-block-columns is-layout-flex wp-container-core-columns-is-layout-9d6595d7 wp-block-columns-is-layout-flex\">\n<div class=\"wp-block-column is-layout-flow wp-block-column-is-layout-flow\"><div class=\"wp-block-image\">\n<figure class=\"aligncenter size-large\"><img loading=\"lazy\" decoding=\"async\" width=\"1024\" height=\"1024\" src=\"https:\/\/www.myGuitarART.ch\/wp-content\/uploads\/2023\/11\/gART-Bilder-Instrumente-Vor-und-Rueckseite-Webseite-2160x2160_25-1024x1024.png\" alt=\"\" class=\"wp-image-1891\" srcset=\"https:\/\/www.myGuitarART.ch\/wp-content\/uploads\/2023\/11\/gART-Bilder-Instrumente-Vor-und-Rueckseite-Webseite-2160x2160_25-1024x1024.png 1024w, https:\/\/www.myGuitarART.ch\/wp-content\/uploads\/2023\/11\/gART-Bilder-Instrumente-Vor-und-Rueckseite-Webseite-2160x2160_25-300x300.png 300w, https:\/\/www.myGuitarART.ch\/wp-content\/uploads\/2023\/11\/gART-Bilder-Instrumente-Vor-und-Rueckseite-Webseite-2160x2160_25-150x150.png 150w, https:\/\/www.myGuitarART.ch\/wp-content\/uploads\/2023\/11\/gART-Bilder-Instrumente-Vor-und-Rueckseite-Webseite-2160x2160_25-768x768.png 768w, https:\/\/www.myGuitarART.ch\/wp-content\/uploads\/2023\/11\/gART-Bilder-Instrumente-Vor-und-Rueckseite-Webseite-2160x2160_25-1536x1536.png 1536w, https:\/\/www.myGuitarART.ch\/wp-content\/uploads\/2023\/11\/gART-Bilder-Instrumente-Vor-und-Rueckseite-Webseite-2160x2160_25-2048x2048.png 2048w\" sizes=\"auto, (max-width: 1024px) 100vw, 1024px\" \/><figcaption class=\"wp-element-caption\">ROCKY SE &#8222;BLUEPRINT&#8220;<br>Stratocaster SN#001<\/figcaption><\/figure>\n<\/div>\n\n\n<p><\/p>\n<\/div>\n\n\n\n<div class=\"wp-block-column is-layout-flow wp-block-column-is-layout-flow\"><div class=\"wp-block-image\">\n<figure class=\"aligncenter size-large\"><img loading=\"lazy\" decoding=\"async\" width=\"1024\" height=\"1024\" src=\"https:\/\/www.myGuitarART.ch\/wp-content\/uploads\/2023\/11\/gART-Bilder-Instrumente-Vor-und-Rueckseite-Webseite-2160x2160_19-1024x1024.png\" alt=\"\" class=\"wp-image-1885\" srcset=\"https:\/\/www.myGuitarART.ch\/wp-content\/uploads\/2023\/11\/gART-Bilder-Instrumente-Vor-und-Rueckseite-Webseite-2160x2160_19-1024x1024.png 1024w, https:\/\/www.myGuitarART.ch\/wp-content\/uploads\/2023\/11\/gART-Bilder-Instrumente-Vor-und-Rueckseite-Webseite-2160x2160_19-300x300.png 300w, https:\/\/www.myGuitarART.ch\/wp-content\/uploads\/2023\/11\/gART-Bilder-Instrumente-Vor-und-Rueckseite-Webseite-2160x2160_19-150x150.png 150w, https:\/\/www.myGuitarART.ch\/wp-content\/uploads\/2023\/11\/gART-Bilder-Instrumente-Vor-und-Rueckseite-Webseite-2160x2160_19-768x768.png 768w, https:\/\/www.myGuitarART.ch\/wp-content\/uploads\/2023\/11\/gART-Bilder-Instrumente-Vor-und-Rueckseite-Webseite-2160x2160_19-1536x1536.png 1536w, https:\/\/www.myGuitarART.ch\/wp-content\/uploads\/2023\/11\/gART-Bilder-Instrumente-Vor-und-Rueckseite-Webseite-2160x2160_19-2048x2048.png 2048w\" sizes=\"auto, (max-width: 1024px) 100vw, 1024px\" \/><figcaption class=\"wp-element-caption\">ROCKY SE &#8222;GREENWOOD&#8220;<br>Stratocaster SN#001<\/figcaption><\/figure>\n<\/div><\/div>\n\n\n\n<div class=\"wp-block-column is-layout-flow wp-block-column-is-layout-flow\"><div class=\"wp-block-image\">\n<figure class=\"aligncenter size-large\"><img loading=\"lazy\" decoding=\"async\" width=\"1024\" height=\"1024\" src=\"https:\/\/www.myGuitarART.ch\/wp-content\/uploads\/2023\/11\/gART-Bilder-Instrumente-Vor-und-Rueckseite-Webseite-2160x2160_17-1024x1024.png\" alt=\"\" class=\"wp-image-1883\" srcset=\"https:\/\/www.myGuitarART.ch\/wp-content\/uploads\/2023\/11\/gART-Bilder-Instrumente-Vor-und-Rueckseite-Webseite-2160x2160_17-1024x1024.png 1024w, https:\/\/www.myGuitarART.ch\/wp-content\/uploads\/2023\/11\/gART-Bilder-Instrumente-Vor-und-Rueckseite-Webseite-2160x2160_17-300x300.png 300w, https:\/\/www.myGuitarART.ch\/wp-content\/uploads\/2023\/11\/gART-Bilder-Instrumente-Vor-und-Rueckseite-Webseite-2160x2160_17-150x150.png 150w, https:\/\/www.myGuitarART.ch\/wp-content\/uploads\/2023\/11\/gART-Bilder-Instrumente-Vor-und-Rueckseite-Webseite-2160x2160_17-768x768.png 768w, https:\/\/www.myGuitarART.ch\/wp-content\/uploads\/2023\/11\/gART-Bilder-Instrumente-Vor-und-Rueckseite-Webseite-2160x2160_17-1536x1536.png 1536w, https:\/\/www.myGuitarART.ch\/wp-content\/uploads\/2023\/11\/gART-Bilder-Instrumente-Vor-und-Rueckseite-Webseite-2160x2160_17-2048x2048.png 2048w\" sizes=\"auto, (max-width: 1024px) 100vw, 1024px\" \/><figcaption class=\"wp-element-caption\">ROCKY SE &#8222;CORONA&#8220;<br>Stratocaster SN#001<\/figcaption><\/figure>\n<\/div><\/div>\n<\/div>\n\n\n\n<div class=\"wp-block-columns is-layout-flex wp-container-core-columns-is-layout-9d6595d7 wp-block-columns-is-layout-flex\">\n<div class=\"wp-block-column is-layout-flow wp-block-column-is-layout-flow\"><div class=\"wp-block-image\">\n<figure class=\"aligncenter size-large\"><img loading=\"lazy\" decoding=\"async\" width=\"1024\" height=\"1024\" src=\"https:\/\/www.myGuitarART.ch\/wp-content\/uploads\/2023\/11\/gART-Bilder-Instrumente-Vor-und-Rueckseite-Webseite-2160x2160_26-1024x1024.png\" alt=\"\" class=\"wp-image-1892\" srcset=\"https:\/\/www.myGuitarART.ch\/wp-content\/uploads\/2023\/11\/gART-Bilder-Instrumente-Vor-und-Rueckseite-Webseite-2160x2160_26-1024x1024.png 1024w, https:\/\/www.myGuitarART.ch\/wp-content\/uploads\/2023\/11\/gART-Bilder-Instrumente-Vor-und-Rueckseite-Webseite-2160x2160_26-300x300.png 300w, https:\/\/www.myGuitarART.ch\/wp-content\/uploads\/2023\/11\/gART-Bilder-Instrumente-Vor-und-Rueckseite-Webseite-2160x2160_26-150x150.png 150w, https:\/\/www.myGuitarART.ch\/wp-content\/uploads\/2023\/11\/gART-Bilder-Instrumente-Vor-und-Rueckseite-Webseite-2160x2160_26-768x768.png 768w, https:\/\/www.myGuitarART.ch\/wp-content\/uploads\/2023\/11\/gART-Bilder-Instrumente-Vor-und-Rueckseite-Webseite-2160x2160_26-1536x1536.png 1536w, https:\/\/www.myGuitarART.ch\/wp-content\/uploads\/2023\/11\/gART-Bilder-Instrumente-Vor-und-Rueckseite-Webseite-2160x2160_26-2048x2048.png 2048w\" sizes=\"auto, (max-width: 1024px) 100vw, 1024px\" \/><figcaption class=\"wp-element-caption\">ROCKY SE &#8222;IMAGINE&#8220;<br>Stratocaster SN#001<\/figcaption><\/figure>\n<\/div><\/div>\n\n\n\n<div class=\"wp-block-column is-layout-flow wp-block-column-is-layout-flow\"><div class=\"wp-block-image\">\n<figure class=\"aligncenter size-large\"><img loading=\"lazy\" decoding=\"async\" width=\"1024\" height=\"1024\" src=\"https:\/\/www.myGuitarART.ch\/wp-content\/uploads\/2023\/11\/gART-Bilder-Instrumente-Vor-und-Rueckseite-Webseite-2160x2160_27-1024x1024.png\" alt=\"\" class=\"wp-image-1893\" srcset=\"https:\/\/www.myGuitarART.ch\/wp-content\/uploads\/2023\/11\/gART-Bilder-Instrumente-Vor-und-Rueckseite-Webseite-2160x2160_27-1024x1024.png 1024w, https:\/\/www.myGuitarART.ch\/wp-content\/uploads\/2023\/11\/gART-Bilder-Instrumente-Vor-und-Rueckseite-Webseite-2160x2160_27-300x300.png 300w, https:\/\/www.myGuitarART.ch\/wp-content\/uploads\/2023\/11\/gART-Bilder-Instrumente-Vor-und-Rueckseite-Webseite-2160x2160_27-150x150.png 150w, https:\/\/www.myGuitarART.ch\/wp-content\/uploads\/2023\/11\/gART-Bilder-Instrumente-Vor-und-Rueckseite-Webseite-2160x2160_27-768x768.png 768w, https:\/\/www.myGuitarART.ch\/wp-content\/uploads\/2023\/11\/gART-Bilder-Instrumente-Vor-und-Rueckseite-Webseite-2160x2160_27-1536x1536.png 1536w, https:\/\/www.myGuitarART.ch\/wp-content\/uploads\/2023\/11\/gART-Bilder-Instrumente-Vor-und-Rueckseite-Webseite-2160x2160_27-2048x2048.png 2048w\" sizes=\"auto, (max-width: 1024px) 100vw, 1024px\" \/><figcaption class=\"wp-element-caption\">ROCKY SE &#8222;BLACK LIVES MATTER&#8220;<br>Stratocaster SN#001<\/figcaption><\/figure>\n<\/div><\/div>\n\n\n\n<div class=\"wp-block-column is-layout-flow wp-block-column-is-layout-flow\"><div class=\"wp-block-image\">\n<figure class=\"aligncenter size-large\"><img loading=\"lazy\" decoding=\"async\" width=\"1024\" height=\"1024\" src=\"https:\/\/www.myGuitarART.ch\/wp-content\/uploads\/2023\/11\/gART-Bilder-Instrumente-Vor-und-Rueckseite-Webseite-2160x2160_16-1024x1024.png\" alt=\"\" class=\"wp-image-1882\" srcset=\"https:\/\/www.myGuitarART.ch\/wp-content\/uploads\/2023\/11\/gART-Bilder-Instrumente-Vor-und-Rueckseite-Webseite-2160x2160_16-1024x1024.png 1024w, https:\/\/www.myGuitarART.ch\/wp-content\/uploads\/2023\/11\/gART-Bilder-Instrumente-Vor-und-Rueckseite-Webseite-2160x2160_16-300x300.png 300w, https:\/\/www.myGuitarART.ch\/wp-content\/uploads\/2023\/11\/gART-Bilder-Instrumente-Vor-und-Rueckseite-Webseite-2160x2160_16-150x150.png 150w, https:\/\/www.myGuitarART.ch\/wp-content\/uploads\/2023\/11\/gART-Bilder-Instrumente-Vor-und-Rueckseite-Webseite-2160x2160_16-768x768.png 768w, https:\/\/www.myGuitarART.ch\/wp-content\/uploads\/2023\/11\/gART-Bilder-Instrumente-Vor-und-Rueckseite-Webseite-2160x2160_16-1536x1536.png 1536w, https:\/\/www.myGuitarART.ch\/wp-content\/uploads\/2023\/11\/gART-Bilder-Instrumente-Vor-und-Rueckseite-Webseite-2160x2160_16-2048x2048.png 2048w\" sizes=\"auto, (max-width: 1024px) 100vw, 1024px\" \/><figcaption class=\"wp-element-caption\">ROCKY SE &#8222;GIVE PEACE A CHANCE&#8220;<br>Stratocaster SN#001<\/figcaption><\/figure>\n<\/div><\/div>\n<\/div>\n\n\n\n<div class=\"wp-block-columns is-layout-flex wp-container-core-columns-is-layout-9d6595d7 wp-block-columns-is-layout-flex\">\n<div class=\"wp-block-column is-layout-flow wp-block-column-is-layout-flow\"><\/div>\n\n\n\n<div class=\"wp-block-column is-layout-flow wp-block-column-is-layout-flow\"><div class=\"wp-block-image\">\n<figure class=\"aligncenter size-large\"><img loading=\"lazy\" decoding=\"async\" width=\"1024\" height=\"1024\" src=\"https:\/\/www.myGuitarART.ch\/wp-content\/uploads\/2023\/11\/gART-Bilder-Instrumente-Vor-und-Rueckseite-Webseite-2160x2160_41-1024x1024.png\" alt=\"\" class=\"wp-image-1907\" srcset=\"https:\/\/www.myGuitarART.ch\/wp-content\/uploads\/2023\/11\/gART-Bilder-Instrumente-Vor-und-Rueckseite-Webseite-2160x2160_41-1024x1024.png 1024w, https:\/\/www.myGuitarART.ch\/wp-content\/uploads\/2023\/11\/gART-Bilder-Instrumente-Vor-und-Rueckseite-Webseite-2160x2160_41-300x300.png 300w, https:\/\/www.myGuitarART.ch\/wp-content\/uploads\/2023\/11\/gART-Bilder-Instrumente-Vor-und-Rueckseite-Webseite-2160x2160_41-150x150.png 150w, https:\/\/www.myGuitarART.ch\/wp-content\/uploads\/2023\/11\/gART-Bilder-Instrumente-Vor-und-Rueckseite-Webseite-2160x2160_41-768x768.png 768w, https:\/\/www.myGuitarART.ch\/wp-content\/uploads\/2023\/11\/gART-Bilder-Instrumente-Vor-und-Rueckseite-Webseite-2160x2160_41-1536x1536.png 1536w, https:\/\/www.myGuitarART.ch\/wp-content\/uploads\/2023\/11\/gART-Bilder-Instrumente-Vor-und-Rueckseite-Webseite-2160x2160_41-2048x2048.png 2048w\" sizes=\"auto, (max-width: 1024px) 100vw, 1024px\" \/><figcaption class=\"wp-element-caption\">ROCKY SE &#8222;CHRISTOPHER&#8220;<br>Stratocaster SN#001<\/figcaption><\/figure>\n<\/div><\/div>\n\n\n\n<div class=\"wp-block-column is-layout-flow wp-block-column-is-layout-flow\"><\/div>\n<\/div>\n\n\n\n<div style=\"height:40px\" aria-hidden=\"true\" class=\"wp-block-spacer\"><\/div>\n\n\n\n<div class=\"wp-block-buttons is-content-justification-center is-layout-flex wp-container-core-buttons-is-layout-16018d1d wp-block-buttons-is-layout-flex\">\n<div class=\"wp-block-button is-style-primary\"><a class=\"wp-block-button__link wp-element-button\" href=\"https:\/\/www.myguitarart.ch\/?page_id=1038\">Nach oben<\/a><\/div>\n<\/div>\n\n\n\n<div style=\"height:100px\" aria-hidden=\"true\" class=\"wp-block-spacer\"><\/div>\n","protected":false},"excerpt":{"rendered":"<p>Verzeichnis Die Kollektion &#8222;Let&#8217;s Share \/ ROCKY SE&#8220; umfasst verschiedene Modelle, jedoch alle auf Basis einer Stratocaster. Es sind ausschliesslich Unikate, da zwar das Muster der Bemalung nah am Original angelehnt ist, aber die Farbgestaltung thematisiert und sehr unterschiedlich ist. SE steht f\u00fcr Special Edition. Zu jeder E-Gitarre geh\u00f6rt ein E-Gitarren-Verst\u00e4rker, der ad\u00e4quat zur E-Gitarre&hellip;&nbsp;<a href=\"https:\/\/www.myGuitarART.ch\/?page_id=1038\" rel=\"bookmark\">Weiterlesen &raquo;<span class=\"screen-reader-text\">Kollektion &#8222;Let&#8217;s Share \/ ROCKY SE&#8220;<\/span><\/a><\/p>\n","protected":false},"author":1,"featured_media":0,"parent":0,"menu_order":0,"comment_status":"closed","ping_status":"closed","template":"","meta":{"neve_meta_sidebar":"","neve_meta_container":"","neve_meta_enable_content_width":"","neve_meta_content_width":0,"neve_meta_title_alignment":"","neve_meta_author_avatar":"","neve_post_elements_order":"","neve_meta_disable_header":"","neve_meta_disable_footer":"","neve_meta_disable_title":"on","footnotes":""},"class_list":["post-1038","page","type-page","status-publish","hentry"],"_links":{"self":[{"href":"https:\/\/www.myGuitarART.ch\/index.php?rest_route=\/wp\/v2\/pages\/1038","targetHints":{"allow":["GET"]}}],"collection":[{"href":"https:\/\/www.myGuitarART.ch\/index.php?rest_route=\/wp\/v2\/pages"}],"about":[{"href":"https:\/\/www.myGuitarART.ch\/index.php?rest_route=\/wp\/v2\/types\/page"}],"author":[{"embeddable":true,"href":"https:\/\/www.myGuitarART.ch\/index.php?rest_route=\/wp\/v2\/users\/1"}],"replies":[{"embeddable":true,"href":"https:\/\/www.myGuitarART.ch\/index.php?rest_route=%2Fwp%2Fv2%2Fcomments&post=1038"}],"version-history":[{"count":25,"href":"https:\/\/www.myGuitarART.ch\/index.php?rest_route=\/wp\/v2\/pages\/1038\/revisions"}],"predecessor-version":[{"id":2102,"href":"https:\/\/www.myGuitarART.ch\/index.php?rest_route=\/wp\/v2\/pages\/1038\/revisions\/2102"}],"wp:attachment":[{"href":"https:\/\/www.myGuitarART.ch\/index.php?rest_route=%2Fwp%2Fv2%2Fmedia&parent=1038"}],"curies":[{"name":"wp","href":"https:\/\/api.w.org\/{rel}","templated":true}]}}