{"id":1364,"date":"2022-04-30T14:57:40","date_gmt":"2022-04-30T14:57:40","guid":{"rendered":"https:\/\/www.myGuitarARTcollection.ch\/?page_id=1364"},"modified":"2023-12-20T19:29:57","modified_gmt":"2023-12-20T19:29:57","slug":"atelier-2","status":"publish","type":"page","link":"https:\/\/www.myGuitarART.ch\/","title":{"rendered":"Atelier"},"content":{"rendered":"\n<div class=\"wp-block-cover alignfull\" style=\"min-height:700px;aspect-ratio:unset;\"><span aria-hidden=\"true\" class=\"wp-block-cover__background has-nv-site-bg-background-color has-background-dim-40 has-background-dim\"><\/span><img loading=\"lazy\" decoding=\"async\" width=\"2560\" height=\"1920\" class=\"wp-block-cover__image-background wp-image-1449\" alt=\"\" src=\"http:\/\/www.myGuitarART.ch\/wp-content\/uploads\/2022\/04\/IMG_6684-scaled.jpg\" style=\"object-position:53% 3%\" data-object-fit=\"cover\" data-object-position=\"53% 3%\" srcset=\"https:\/\/www.myGuitarART.ch\/wp-content\/uploads\/2022\/04\/IMG_6684-scaled.jpg 2560w, https:\/\/www.myGuitarART.ch\/wp-content\/uploads\/2022\/04\/IMG_6684-300x225.jpg 300w, https:\/\/www.myGuitarART.ch\/wp-content\/uploads\/2022\/04\/IMG_6684-1024x768.jpg 1024w, https:\/\/www.myGuitarART.ch\/wp-content\/uploads\/2022\/04\/IMG_6684-768x576.jpg 768w, https:\/\/www.myGuitarART.ch\/wp-content\/uploads\/2022\/04\/IMG_6684-1536x1152.jpg 1536w, https:\/\/www.myGuitarART.ch\/wp-content\/uploads\/2022\/04\/IMG_6684-2048x1536.jpg 2048w\" sizes=\"auto, (max-width: 2560px) 100vw, 2560px\" \/><div class=\"wp-block-cover__inner-container is-layout-flow wp-block-cover-is-layout-flow\">\n<div style=\"height:80px\" aria-hidden=\"true\" class=\"wp-block-spacer\"><\/div>\n\n\n\n<h1 class=\"wp-block-heading has-text-align-center has-text-color\" style=\"color:#d3ca93\"><strong>myGuitarART<\/strong><\/h1>\n\n\n\n<h2 class=\"wp-block-heading has-text-align-center has-text-color\" style=\"color:#d3ca93\"><strong>Atelier<\/strong><\/h2>\n\n\n\n<p class=\"has-text-align-center has-text-color\" style=\"color:#d3ca93\">Herzlich willkommen und viel Spass beim Rumst\u00f6bern.<\/p>\n\n\n\n<div style=\"height:80px\" aria-hidden=\"true\" class=\"wp-block-spacer\"><\/div>\n\n\n\n<div style=\"height:80px\" aria-hidden=\"true\" class=\"wp-block-spacer\"><\/div>\n<\/div><\/div>\n\n\n\n<div style=\"height:100px\" aria-hidden=\"true\" class=\"wp-block-spacer\"><\/div>\n\n\n\n<p>I, ME, MINE<\/p>\n\n\n\n<blockquote class=\"wp-block-quote is-layout-flow wp-block-quote-is-layout-flow\">\n<p>Einer der unvergessenen Songs der Beatles, den George Harrison komponierte und die Band anfangs 1970 als letzten im Studio einspielte.<br><br>Als ich im Herbst 2020 erstmalig die Fender\u00ae Limited Edition George Harrison Rocky Strat\u00ae sah, kamen mir diese Worte in den Sinn, aber im Sinne von ICH will, dass MIR diese verkauft wird und MEIN ist. Etwas egoistisch, was aber angesichts der geringen St\u00fcckzahl von nur 100 Exemplaren weltweit durchaus nachvollziehbar sein d\u00fcrfte. Der Blick auf den Preis zeigte mir, dass diese Gitarre ein unerf\u00fcllter Traum bleiben wird.<br><br>Wie ICH dennoch MIR eine *ROCKY\u201c als MEIN verschaffen konnte, das k\u00f6nnt ihr unter \u201eWie alles begann\u201c nachlesen. Dazu und auch beim Rumst\u00f6bern in meinem Online-Atelier und meiner Online-Sammlung w\u00fcnsche ich euch viel Spass.<\/p>\n<cite>volwig 2022<\/cite><\/blockquote>\n\n\n\n<div style=\"height:100px\" aria-hidden=\"true\" class=\"wp-block-spacer\"><\/div>\n\n\n\n<div class=\"wp-block-cover alignfull\" style=\"min-height:600px;aspect-ratio:unset;\"><span aria-hidden=\"true\" class=\"wp-block-cover__background has-background-dim-100 has-background-dim\" style=\"background-color:#d73d1e\"><\/span><div class=\"wp-block-cover__inner-container is-layout-flow wp-block-cover-is-layout-flow\">\n<div class=\"wp-block-group\"><div class=\"wp-block-group__inner-container is-layout-flow wp-block-group-is-layout-flow\">\n<div style=\"height:80px\" aria-hidden=\"true\" class=\"wp-block-spacer\"><\/div>\n\n\n\n<div class=\"wp-block-columns are-vertically-aligned-center is-layout-flex wp-container-core-columns-is-layout-9d6595d7 wp-block-columns-is-layout-flex\">\n<div class=\"wp-block-column is-vertically-aligned-center is-layout-flow wp-block-column-is-layout-flow\" style=\"flex-basis:50%\">\n<figure class=\"wp-block-image size-large\"><img loading=\"lazy\" decoding=\"async\" width=\"819\" height=\"1024\" src=\"http:\/\/www.myGuitarART.ch\/wp-content\/uploads\/2022\/04\/00006-819x1024.png\" alt=\"\" class=\"wp-image-1284\" srcset=\"https:\/\/www.myGuitarART.ch\/wp-content\/uploads\/2022\/04\/00006-819x1024.png 819w, https:\/\/www.myGuitarART.ch\/wp-content\/uploads\/2022\/04\/00006-240x300.png 240w, https:\/\/www.myGuitarART.ch\/wp-content\/uploads\/2022\/04\/00006-768x960.png 768w, https:\/\/www.myGuitarART.ch\/wp-content\/uploads\/2022\/04\/00006.png 1080w\" sizes=\"auto, (max-width: 819px) 100vw, 819px\" \/><\/figure>\n<\/div>\n\n\n\n<div class=\"wp-block-column is-vertically-aligned-center is-layout-flow wp-block-column-is-layout-flow\" style=\"flex-basis:50%\">\n<div style=\"height:20px\" aria-hidden=\"true\" class=\"wp-block-spacer\"><\/div>\n\n\n\n<h2 class=\"wp-block-heading has-text-align-left has-text-color\" style=\"color:#d3ca93\">Meine Arbeitsweise<\/h2>\n\n\n\n<p class=\"has-text-align-left has-text-color\" style=\"color:#d3ca93;font-size:17px\">Kann ich nicht, kenn ich nicht, habe das noch nie gemacht, muss erst einen Kurs besuchen &#8230;<br><br>Das ist nicht meine Art, an die ART heranzugehen. Meine Art ist, einfach mal ausprobieren, es versuchen und 5 grade sein zu lassen. Nichts ist perfekt und wir selbst schon gar nicht. Wir k\u00f6nnen daher auch nichts perfekt machen, aber nur schon, wenn wir es machen ist gut.<\/p>\n\n\n\n<p class=\"has-text-color\" style=\"color:#d3ca93\">Ich habe in den letzten Monaten vieles ausprobiert, einiges ist misslungen, aber vieles auch gelungen. Und oftmals ist es nicht so geworden, wie ich es mir vorstellte, aber es wurde trotzdem gut.<br><br>Die Auseinandersetzung mit der Philosophie, die offensichtlich George Harrison lebte und die, wenn man genau hinschaut, anhand seiner &#8222;ROCKY&#8220; auch erkennbar ist. George Harrison scheint f\u00fcr mich jemand gewesen zu sein, der ganz genaue Vorstellungen hatte, wie etwas werden soll, hatte es dann einfach mal versucht, dabei sich dabei auf das minimal notwendigste konzentriert und war auch dann zufrieden, wenn es dann am Schluss nicht so war, wie er sich das anfangs vorgestellt hatte. Er war offensichtlich ein Mann mit klaren Vorstellungen von den Dingen, der sich auf das Wesentliche konzentrieren und 5 grade sein lassen konnte. Eine Philosophie, der ich viel abgewinnen kann.<br><br>Mit dieser Philosophie versuche ich all meine Projekte zu realisieren. <\/p>\n\n\n\n<div class=\"wp-block-buttons is-horizontal is-content-justification-left is-layout-flex wp-container-core-buttons-is-layout-7e5fce0a wp-block-buttons-is-layout-flex\">\n<div class=\"wp-block-button is-style-primary\"><a class=\"wp-block-button__link wp-element-button\" href=\"https:\/\/www.myguitarart.ch\/?page_id=75\">Frag mich<\/a><\/div>\n<\/div>\n<\/div>\n<\/div>\n\n\n\n<div style=\"height:40px\" aria-hidden=\"true\" class=\"wp-block-spacer\"><\/div>\n<\/div><\/div>\n<\/div><\/div>\n\n\n\n<div class=\"wp-block-cover alignfull\" style=\"min-height:600px;aspect-ratio:unset;\"><span aria-hidden=\"true\" class=\"wp-block-cover__background has-nv-site-bg-background-color has-background-dim-100 has-background-dim\"><\/span><div class=\"wp-block-cover__inner-container is-layout-flow wp-block-cover-is-layout-flow\">\n<div class=\"wp-block-group\"><div class=\"wp-block-group__inner-container is-layout-flow wp-block-group-is-layout-flow\">\n<div style=\"height:80px\" aria-hidden=\"true\" class=\"wp-block-spacer\"><\/div>\n\n\n\n<div class=\"wp-block-columns are-vertically-aligned-center is-layout-flex wp-container-core-columns-is-layout-9d6595d7 wp-block-columns-is-layout-flex\">\n<div class=\"wp-block-column is-vertically-aligned-center is-layout-flow wp-block-column-is-layout-flow\" style=\"flex-basis:50%\">\n<h2 class=\"wp-block-heading has-text-align-left has-neve-text-color-color has-text-color\">Urheberrechte<\/h2>\n\n\n\n<p class=\"has-text-align-left has-neve-text-color-color has-text-color\" style=\"font-size:17px\">Ein Thema, dass mich bei meinen Arbeiten st\u00e4ndig begleitet. Es gibt sogar Menschen, die sich als W\u00e4chter der Urheberrechte von George Harrison verstehen und mir das Leben schwer machen.<br><br>Ich habe mich daher mit dem Thema besch\u00e4ftigt und versucht herauszufinden, wo die Grenzen sind.<br><br>Bei all meinen Exemplaren habe ich daher auf gewisse Details verzichtet, die diesbez\u00fcglich problematisch werden k\u00f6nnen. Es ging mir ohnehin nur darum, das frontseitige und relevante Design m\u00f6glichst authentisch wiederzugeben und dieses als Inspiration f\u00fcr weitere Projekte, die oftmals sozial und gesellschaftlicher Natur waren und sind, zu nutzen.<br><br>Und dies auch vor allem im Glauben, dass ich hier George Harrison Lebensphilosophie am gerechtesten werde. Im Sinne von:<br><br>&#8211; Give Me Love Love Love<\/p>\n\n\n\n<div class=\"wp-block-buttons is-horizontal is-content-justification-left is-layout-flex wp-container-core-buttons-is-layout-7e5fce0a wp-block-buttons-is-layout-flex\">\n<div class=\"wp-block-button is-style-primary\"><a class=\"wp-block-button__link wp-element-button\" href=\"https:\/\/www.myguitarart.ch\/?page_id=423\">Mehr &#8230;<\/a><\/div>\n<\/div>\n\n\n\n<div style=\"height:40px\" aria-hidden=\"true\" class=\"wp-block-spacer\"><\/div>\n<\/div>\n\n\n\n<div class=\"wp-block-column is-vertically-aligned-center is-layout-flow wp-block-column-is-layout-flow\" style=\"flex-basis:50%\">\n<figure class=\"wp-block-image size-large\"><img loading=\"lazy\" decoding=\"async\" width=\"1024\" height=\"768\" src=\"https:\/\/www.myGuitarART.ch\/wp-content\/uploads\/2022\/04\/00009-1024x768.png\" alt=\"\" class=\"wp-image-1285\" srcset=\"https:\/\/www.myGuitarART.ch\/wp-content\/uploads\/2022\/04\/00009-1024x768.png 1024w, https:\/\/www.myGuitarART.ch\/wp-content\/uploads\/2022\/04\/00009-300x225.png 300w, https:\/\/www.myGuitarART.ch\/wp-content\/uploads\/2022\/04\/00009-768x576.png 768w, https:\/\/www.myGuitarART.ch\/wp-content\/uploads\/2022\/04\/00009.png 1080w\" sizes=\"auto, (max-width: 1024px) 100vw, 1024px\" \/><\/figure>\n<\/div>\n<\/div>\n\n\n\n<div style=\"height:40px\" aria-hidden=\"true\" class=\"wp-block-spacer\"><\/div>\n<\/div><\/div>\n<\/div><\/div>\n\n\n\n<div class=\"wp-block-cover alignfull\" style=\"min-height:600px;aspect-ratio:unset;\"><span aria-hidden=\"true\" class=\"wp-block-cover__background has-nv-dark-bg-background-color has-background-dim-100 has-background-dim\"><\/span><div class=\"wp-block-cover__inner-container is-layout-flow wp-block-cover-is-layout-flow\">\n<div class=\"wp-block-group\"><div class=\"wp-block-group__inner-container is-layout-flow wp-block-group-is-layout-flow\">\n<div style=\"height:80px\" aria-hidden=\"true\" class=\"wp-block-spacer\"><\/div>\n\n\n\n<div class=\"wp-block-columns are-vertically-aligned-center is-layout-flex wp-container-core-columns-is-layout-9d6595d7 wp-block-columns-is-layout-flex\">\n<div class=\"wp-block-column is-vertically-aligned-center is-layout-flow wp-block-column-is-layout-flow\" style=\"flex-basis:50%\">\n<figure class=\"wp-block-image size-large\"><img loading=\"lazy\" decoding=\"async\" width=\"819\" height=\"1024\" src=\"http:\/\/www.myGuitarART.ch\/wp-content\/uploads\/2022\/04\/00011-819x1024.png\" alt=\"\" class=\"wp-image-1286\" srcset=\"https:\/\/www.myGuitarART.ch\/wp-content\/uploads\/2022\/04\/00011-819x1024.png 819w, https:\/\/www.myGuitarART.ch\/wp-content\/uploads\/2022\/04\/00011-240x300.png 240w, https:\/\/www.myGuitarART.ch\/wp-content\/uploads\/2022\/04\/00011-768x960.png 768w, https:\/\/www.myGuitarART.ch\/wp-content\/uploads\/2022\/04\/00011.png 1080w\" sizes=\"auto, (max-width: 819px) 100vw, 819px\" \/><\/figure>\n<\/div>\n\n\n\n<div class=\"wp-block-column is-vertically-aligned-center is-layout-flow wp-block-column-is-layout-flow\" style=\"flex-basis:50%\">\n<div style=\"height:10px\" aria-hidden=\"true\" class=\"wp-block-spacer\"><\/div>\n\n\n\n<h2 class=\"wp-block-heading has-text-align-left has-text-color\" style=\"color:#b7a46a\">Spass und Freude im Kontext zu Sorgen und \u00c4ngsten<\/h2>\n\n\n\n<p class=\"has-text-align-left has-text-color\" style=\"color:#b7a46a;font-size:17px\">Wir sind eine &#8222;Spass-Gesellschaft&#8220;, die das Leben und den Wohlstand geniessen m\u00f6chte. Viele schauen weg, wenn etwas nicht den Idealen ihrer Weltanschauung gen\u00fcgt. Ganz im Sinne von: &#8222;St\u00f6re meine Kreise nicht&#8220;<br><br>Das ist in sofern Legitim, weil es ein Teil unserer (\u00dcber-)Lebensstrategie ist.<br><br>Es erinnert aber auch an das 3-Affen-Prinzip: Nichts sehen, nichts h\u00f6ren, nichts sagen und ist schlicht und ergreifend ein totaler Mangel an Zivil-Courage.<br><br>Ich m\u00f6chte mit meinen Projekten daher auch zeigen, dass Spass und Wohlstand einerseits und soziales Engagement, Courage und sich Zeit nehmen f\u00fcr unangenehme Themen andererseits nicht ausschliessen. Im Gegenteil, sie k\u00f6nnen sich einander sogar positiv verst\u00e4rken.<\/p>\n\n\n\n<div class=\"wp-block-buttons is-horizontal is-content-justification-left is-layout-flex wp-container-core-buttons-is-layout-7e5fce0a wp-block-buttons-is-layout-flex\">\n<div class=\"wp-block-button is-style-primary\"><a class=\"wp-block-button__link wp-element-button\" href=\"https:\/\/www.myguitarart.ch\/?page_id=75\">Frag mich<\/a><\/div>\n<\/div>\n<\/div>\n<\/div>\n\n\n\n<div style=\"height:50px\" aria-hidden=\"true\" class=\"wp-block-spacer\"><\/div>\n<\/div><\/div>\n<\/div><\/div>\n\n\n\n<div class=\"wp-block-cover alignfull\" style=\"min-height:600px;aspect-ratio:unset;\"><span aria-hidden=\"true\" class=\"wp-block-cover__background has-nv-site-bg-background-color has-background-dim-100 has-background-dim\"><\/span><div class=\"wp-block-cover__inner-container is-layout-flow wp-block-cover-is-layout-flow\">\n<div class=\"wp-block-group\"><div class=\"wp-block-group__inner-container is-layout-flow wp-block-group-is-layout-flow\">\n<div style=\"height:80px\" aria-hidden=\"true\" class=\"wp-block-spacer\"><\/div>\n\n\n\n<div class=\"wp-block-columns are-vertically-aligned-center is-layout-flex wp-container-core-columns-is-layout-9d6595d7 wp-block-columns-is-layout-flex\">\n<div class=\"wp-block-column is-vertically-aligned-center is-layout-flow wp-block-column-is-layout-flow\" style=\"flex-basis:50%\">\n<h2 class=\"wp-block-heading has-text-align-left has-neve-text-color-color has-text-color\">&#8222;With a Little Help From My Friends&#8220;<\/h2>\n\n\n\n<p class=\"has-text-align-left has-neve-text-color-color has-text-color\" style=\"font-size:17px\">Die Hilfe von Freunden ist Gold wert.<br><br>Immer, wenn Menschen zusammenstehen und -halten entstehen Kr\u00e4fte, die vieles m\u00f6glich machen. So funktioniert unser Dasein am besten.<br><br>Alleine gegen den Rest, sprich Egoismus mag in der momentanen Situation von Vorteil sein, aber keine gute Voraussetzung, um in extremen Situationen zu \u00fcberleben.<br><br>Alles, was ich denke und tue, steht daher immer im Kontext zu anderen Menschen und Dingen. Es ist f\u00fcr mich undenkbar zu glauben, dass ich alleine in dieser Welt \u00fcberleben kann. Mindestens mein Sozialverhalten wird sterben und mich zu jemanden machen, der ich nicht sein will.<br><br>Ich suche daher Menschen &#8211; Freunde, die in diesem Sinne Teil eines Teams werden m\u00f6chten, in dem sie sowohl ihren Spass haben, als sich auch sozial engagieren k\u00f6nnen.<br><br>&#8222;WITH A LITTLE HELP FROM MY FRIENDS&#8220;<\/p>\n\n\n\n<div class=\"wp-block-buttons is-horizontal is-content-justification-left is-layout-flex wp-container-core-buttons-is-layout-7e5fce0a wp-block-buttons-is-layout-flex\">\n<div class=\"wp-block-button is-style-primary\"><a class=\"wp-block-button__link wp-element-button\" href=\"https:\/\/www.myguitarart.ch\/?page_id=75\">Frag mich<\/a><\/div>\n<\/div>\n\n\n\n<div style=\"height:40px\" aria-hidden=\"true\" class=\"wp-block-spacer\"><\/div>\n<\/div>\n\n\n\n<div class=\"wp-block-column is-vertically-aligned-center is-layout-flow wp-block-column-is-layout-flow\" style=\"flex-basis:50%\">\n<figure class=\"wp-block-image size-large\"><img loading=\"lazy\" decoding=\"async\" width=\"819\" height=\"1024\" src=\"http:\/\/www.myGuitarART.ch\/wp-content\/uploads\/2022\/04\/00014-819x1024.png\" alt=\"\" class=\"wp-image-1287\" srcset=\"https:\/\/www.myGuitarART.ch\/wp-content\/uploads\/2022\/04\/00014-819x1024.png 819w, https:\/\/www.myGuitarART.ch\/wp-content\/uploads\/2022\/04\/00014-240x300.png 240w, https:\/\/www.myGuitarART.ch\/wp-content\/uploads\/2022\/04\/00014-768x960.png 768w, https:\/\/www.myGuitarART.ch\/wp-content\/uploads\/2022\/04\/00014.png 1080w\" sizes=\"auto, (max-width: 819px) 100vw, 819px\" \/><\/figure>\n<\/div>\n<\/div>\n\n\n\n<div style=\"height:40px\" aria-hidden=\"true\" class=\"wp-block-spacer\"><\/div>\n<\/div><\/div>\n<\/div><\/div>\n\n\n\n<div style=\"height:80px\" aria-hidden=\"true\" class=\"wp-block-spacer\"><\/div>\n\n\n\n<div class=\"wp-block-cover alignfull\" style=\"min-height:250px;aspect-ratio:unset;\"><span aria-hidden=\"true\" class=\"wp-block-cover__background has-nv-light-bg-background-color has-background-dim-30 has-background-dim\"><\/span><img loading=\"lazy\" decoding=\"async\" width=\"1280\" height=\"846\" class=\"wp-block-cover__image-background wp-image-1288\" alt=\"\" src=\"http:\/\/www.myGuitarART.ch\/wp-content\/uploads\/2022\/04\/00044.png\" data-object-fit=\"cover\" srcset=\"https:\/\/www.myGuitarART.ch\/wp-content\/uploads\/2022\/04\/00044.png 1280w, https:\/\/www.myGuitarART.ch\/wp-content\/uploads\/2022\/04\/00044-300x198.png 300w, https:\/\/www.myGuitarART.ch\/wp-content\/uploads\/2022\/04\/00044-1024x677.png 1024w, https:\/\/www.myGuitarART.ch\/wp-content\/uploads\/2022\/04\/00044-768x508.png 768w\" sizes=\"auto, (max-width: 1280px) 100vw, 1280px\" \/><div class=\"wp-block-cover__inner-container is-layout-flow wp-block-cover-is-layout-flow\">\n<div style=\"height:140px\" aria-hidden=\"true\" class=\"wp-block-spacer\"><\/div>\n\n\n\n<h2 class=\"wp-block-heading has-text-align-center has-text-color\" style=\"color:#d3ca93\">myGuitarART Projekte<\/h2>\n\n\n\n<p class=\"has-text-align-center has-text-color\" style=\"color:#d3ca93\">T\u00e4glich kommen mir neue Ideen f\u00fcr weitere Projekte.<\/p>\n\n\n\n<p class=\"has-text-align-center has-text-color\" style=\"color:#d3ca93\">Welche Projekte in der Realisierung sind, ist auf der Projekt-Seite zu sehen.<\/p>\n\n\n\n<div class=\"wp-block-buttons is-horizontal is-content-justification-center is-layout-flex wp-container-core-buttons-is-layout-499968f5 wp-block-buttons-is-layout-flex\">\n<div class=\"wp-block-button is-style-primary\"><a class=\"wp-block-button__link wp-element-button\" href=\"https:\/\/www.myguitarart.ch\/?page_id=69\">Mehr &#8230;<\/a><\/div>\n<\/div>\n\n\n\n<div style=\"height:140px\" aria-hidden=\"true\" class=\"wp-block-spacer\"><\/div>\n<\/div><\/div>\n\n\n\n<div style=\"height:100px\" aria-hidden=\"true\" class=\"wp-block-spacer\"><\/div>\n\n\n\n<div class=\"wp-block-columns is-layout-flex wp-container-core-columns-is-layout-9d6595d7 wp-block-columns-is-layout-flex\">\n<div class=\"wp-block-column is-layout-flow wp-block-column-is-layout-flow\"><div class=\"wp-block-image is-resized icon-style is-style-rounded\">\n<figure class=\"aligncenter size-large\"><img loading=\"lazy\" decoding=\"async\" width=\"1024\" height=\"1024\" src=\"http:\/\/www.myGuitarART.ch\/wp-content\/uploads\/2022\/04\/00049-1024x1024.png\" alt=\"\" class=\"wp-image-1289\" title=\"\" srcset=\"https:\/\/www.myGuitarART.ch\/wp-content\/uploads\/2022\/04\/00049-1024x1024.png 1024w, https:\/\/www.myGuitarART.ch\/wp-content\/uploads\/2022\/04\/00049-300x300.png 300w, https:\/\/www.myGuitarART.ch\/wp-content\/uploads\/2022\/04\/00049-150x150.png 150w, https:\/\/www.myGuitarART.ch\/wp-content\/uploads\/2022\/04\/00049-768x768.png 768w, https:\/\/www.myGuitarART.ch\/wp-content\/uploads\/2022\/04\/00049.png 1200w\" sizes=\"auto, (max-width: 1024px) 100vw, 1024px\" \/><\/figure>\n<\/div>\n\n\n<div style=\"height:20px\" aria-hidden=\"true\" class=\"wp-block-spacer\"><\/div>\n\n\n\n<h3 class=\"wp-block-heading has-text-align-center has-neve-text-color-color has-text-color\"><strong>Wie alles begann<\/strong> &#8222;Let&#8217;s Share \/ ROCKY&#8220;<\/h3>\n\n\n\n<p class=\"has-text-align-center\">Die Idee Gitarren zu bemalen bekam ich, als ich relaisieren musste, dass ich mir die Fender\u00ae Limited Edition George Harrison Rocky Strat\u00ae absolut nicht leisten konnte.<\/p>\n\n\n\n<div class=\"wp-block-buttons is-layout-flex wp-block-buttons-is-layout-flex\">\n<div class=\"wp-block-button aligncenter is-style-primary\"><a class=\"wp-block-button__link wp-element-button\" href=\"https:\/\/www.myguitarart.ch\/?page_id=599\">Mehr &#8230;<\/a><\/div>\n<\/div>\n<\/div>\n\n\n\n<div class=\"wp-block-column is-layout-flow wp-block-column-is-layout-flow\"><div class=\"wp-block-image icon-style is-style-rounded\">\n<figure class=\"aligncenter size-large\"><img loading=\"lazy\" decoding=\"async\" width=\"1024\" height=\"1024\" src=\"http:\/\/www.myGuitarART.ch\/wp-content\/uploads\/2022\/04\/00055-1024x1024.png\" alt=\"\" class=\"wp-image-1290\" srcset=\"https:\/\/www.myGuitarART.ch\/wp-content\/uploads\/2022\/04\/00055-1024x1024.png 1024w, https:\/\/www.myGuitarART.ch\/wp-content\/uploads\/2022\/04\/00055-300x300.png 300w, https:\/\/www.myGuitarART.ch\/wp-content\/uploads\/2022\/04\/00055-150x150.png 150w, https:\/\/www.myGuitarART.ch\/wp-content\/uploads\/2022\/04\/00055-768x768.png 768w, https:\/\/www.myGuitarART.ch\/wp-content\/uploads\/2022\/04\/00055.png 1080w\" sizes=\"auto, (max-width: 1024px) 100vw, 1024px\" \/><\/figure>\n<\/div>\n\n\n<div style=\"height:20px\" aria-hidden=\"true\" class=\"wp-block-spacer\"><\/div>\n\n\n\n<h3 class=\"wp-block-heading has-text-align-center has-neve-text-color-color has-text-color\"><strong>Tipps zum Selbermachen<\/strong><\/h3>\n\n\n\n<p class=\"has-text-align-center\">Falls du es selbst versuchen m\u00f6chtest, dann habe ich einige Tipps. Und im Sinne von &#8222;Lass uns teilen&#8220; kann ich dir einige Tipps geben, wie du dir eine &#8222;ROCKY&#8220; selber machen kannst.<\/p>\n\n\n\n<div class=\"wp-block-buttons is-layout-flex wp-block-buttons-is-layout-flex\">\n<div class=\"wp-block-button aligncenter is-style-primary\"><a class=\"wp-block-button__link wp-element-button\" href=\"https:\/\/www.myguitarart.ch\/?page_id=606\">Mehr &#8230;<\/a><\/div>\n<\/div>\n<\/div>\n\n\n\n<div class=\"wp-block-column is-layout-flow wp-block-column-is-layout-flow\"><div class=\"wp-block-image icon-style is-style-rounded\">\n<figure class=\"aligncenter size-large\"><img loading=\"lazy\" decoding=\"async\" width=\"1024\" height=\"1024\" src=\"http:\/\/www.myGuitarART.ch\/wp-content\/uploads\/2022\/04\/00052-1024x1024.png\" alt=\"\" class=\"wp-image-1291\" srcset=\"https:\/\/www.myGuitarART.ch\/wp-content\/uploads\/2022\/04\/00052-1024x1024.png 1024w, https:\/\/www.myGuitarART.ch\/wp-content\/uploads\/2022\/04\/00052-300x300.png 300w, https:\/\/www.myGuitarART.ch\/wp-content\/uploads\/2022\/04\/00052-150x150.png 150w, https:\/\/www.myGuitarART.ch\/wp-content\/uploads\/2022\/04\/00052-768x768.png 768w, https:\/\/www.myGuitarART.ch\/wp-content\/uploads\/2022\/04\/00052.png 1200w\" sizes=\"auto, (max-width: 1024px) 100vw, 1024px\" \/><\/figure>\n<\/div>\n\n\n<div style=\"height:20px\" aria-hidden=\"true\" class=\"wp-block-spacer\"><\/div>\n\n\n\n<h3 class=\"wp-block-heading has-text-align-center has-neve-text-color-color has-text-color\"><strong>Material zum Selbermachen<\/strong><\/h3>\n\n\n\n<p class=\"has-text-align-center\">Es liegt in der Natur der Sache, dass bei meinen Projekten einiges \u00fcbrig bleibt, was ich entbehren kann. Das gebe ich gerne an die ab, die sich selber eine &#8222;ROCKY&#8220; fertigen wollen.<\/p>\n\n\n\n<div class=\"wp-block-buttons is-layout-flex wp-block-buttons-is-layout-flex\">\n<div class=\"wp-block-button aligncenter is-style-primary\"><a class=\"wp-block-button__link wp-element-button\" href=\"https:\/\/www.myguitarart.ch\/?page_id=616\">Mehr &#8230;<\/a><\/div>\n<\/div>\n<\/div>\n<\/div>\n\n\n\n<div style=\"height:40px\" aria-hidden=\"true\" class=\"wp-block-spacer\"><\/div>\n\n\n\n<div class=\"wp-block-buttons is-content-justification-center is-layout-flex wp-container-core-buttons-is-layout-16018d1d wp-block-buttons-is-layout-flex\">\n<div class=\"wp-block-button is-style-primary\"><a class=\"wp-block-button__link wp-element-button\" href=\"http:\/\/www.myGuitarART.ch\/\">Nach Oben<\/a><\/div>\n<\/div>\n\n\n\n<div style=\"height:100px\" aria-hidden=\"true\" class=\"wp-block-spacer\"><\/div>\n","protected":false},"excerpt":{"rendered":"<p>I, ME, MINE Einer der unvergessenen Songs der Beatles, den George Harrison komponierte und die Band anfangs 1970 als letzten im Studio einspielte. Als ich im Herbst 2020 erstmalig die Fender\u00ae Limited Edition George Harrison Rocky Strat\u00ae sah, kamen mir diese Worte in den Sinn, aber im Sinne von ICH will, dass MIR diese verkauft&hellip;&nbsp;<a href=\"https:\/\/www.myGuitarART.ch\/\" rel=\"bookmark\">Weiterlesen &raquo;<span class=\"screen-reader-text\">Atelier<\/span><\/a><\/p>\n","protected":false},"author":1,"featured_media":0,"parent":0,"menu_order":0,"comment_status":"closed","ping_status":"closed","template":"","meta":{"neve_meta_sidebar":"default","neve_meta_container":"default","neve_meta_enable_content_width":"on","neve_meta_content_width":100,"neve_meta_title_alignment":"","neve_meta_author_avatar":"","neve_post_elements_order":"","neve_meta_disable_header":"","neve_meta_disable_footer":"","neve_meta_disable_title":"on","footnotes":""},"class_list":["post-1364","page","type-page","status-publish","hentry"],"_links":{"self":[{"href":"https:\/\/www.myGuitarART.ch\/index.php?rest_route=\/wp\/v2\/pages\/1364","targetHints":{"allow":["GET"]}}],"collection":[{"href":"https:\/\/www.myGuitarART.ch\/index.php?rest_route=\/wp\/v2\/pages"}],"about":[{"href":"https:\/\/www.myGuitarART.ch\/index.php?rest_route=\/wp\/v2\/types\/page"}],"author":[{"embeddable":true,"href":"https:\/\/www.myGuitarART.ch\/index.php?rest_route=\/wp\/v2\/users\/1"}],"replies":[{"embeddable":true,"href":"https:\/\/www.myGuitarART.ch\/index.php?rest_route=%2Fwp%2Fv2%2Fcomments&post=1364"}],"version-history":[{"count":47,"href":"https:\/\/www.myGuitarART.ch\/index.php?rest_route=\/wp\/v2\/pages\/1364\/revisions"}],"predecessor-version":[{"id":2101,"href":"https:\/\/www.myGuitarART.ch\/index.php?rest_route=\/wp\/v2\/pages\/1364\/revisions\/2101"}],"wp:attachment":[{"href":"https:\/\/www.myGuitarART.ch\/index.php?rest_route=%2Fwp%2Fv2%2Fmedia&parent=1364"}],"curies":[{"name":"wp","href":"https:\/\/api.w.org\/{rel}","templated":true}]}}