{"id":1749,"date":"2022-05-15T09:24:12","date_gmt":"2022-05-15T09:24:12","guid":{"rendered":"https:\/\/www.myGuitarART.ch\/?page_id=1749"},"modified":"2024-11-05T10:43:14","modified_gmt":"2024-11-05T10:43:14","slug":"test","status":"publish","type":"page","link":"https:\/\/www.myGuitarART.ch\/?page_id=1749","title":{"rendered":"Galerie"},"content":{"rendered":"\n<div class=\"wp-block-cover alignfull\" style=\"min-height:700px;aspect-ratio:unset;\"><span aria-hidden=\"true\" class=\"wp-block-cover__background has-nv-light-bg-background-color has-background-dim-40 has-background-dim\"><\/span><img loading=\"lazy\" decoding=\"async\" width=\"1972\" height=\"2584\" class=\"wp-block-cover__image-background wp-image-1772\" alt=\"\" src=\"https:\/\/www.myGuitarART.ch\/wp-content\/uploads\/2022\/05\/00054.png\" style=\"object-position:78% 47%\" data-object-fit=\"cover\" data-object-position=\"78% 47%\" srcset=\"https:\/\/www.myGuitarART.ch\/wp-content\/uploads\/2022\/05\/00054.png 1972w, https:\/\/www.myGuitarART.ch\/wp-content\/uploads\/2022\/05\/00054-229x300.png 229w, https:\/\/www.myGuitarART.ch\/wp-content\/uploads\/2022\/05\/00054-781x1024.png 781w, https:\/\/www.myGuitarART.ch\/wp-content\/uploads\/2022\/05\/00054-768x1006.png 768w, https:\/\/www.myGuitarART.ch\/wp-content\/uploads\/2022\/05\/00054-1172x1536.png 1172w, https:\/\/www.myGuitarART.ch\/wp-content\/uploads\/2022\/05\/00054-1563x2048.png 1563w\" sizes=\"auto, (max-width: 1972px) 100vw, 1972px\" \/><div class=\"wp-block-cover__inner-container is-layout-flow wp-block-cover-is-layout-flow\">\n<h1 class=\"wp-block-heading has-text-align-center has-neve-link-color-color has-text-color has-link-color wp-elements-d573d589c9cd69ed6f3971f948432d99\">myGuitarART<\/h1>\n\n\n\n<h2 class=\"wp-block-heading has-text-align-center has-neve-link-color-color has-text-color\">Galerie<\/h2>\n<\/div><\/div>\n\n\n\n<div style=\"height:80px\" aria-hidden=\"true\" class=\"wp-block-spacer\"><\/div>\n\n\n\n<h2 class=\"wp-block-heading\">Trete ein in die bunte Welt von myGuitarART Galerie<\/h2>\n\n\n\n<p>Etwas spontan und ohne viele Worte stell ich hier aus meinen Archiv von mehreren Tausend Bildern etwas bunt gew\u00fcrfelt Beitr\u00e4ge bereit. Ich w\u00fcnsche allen viel Spass.<\/p>\n\n\n\n<p>Die Bilder d\u00fcrfen unter Verweis auf diese Quelle, myGuitarART.ch\/galerie f\u00fcr nicht kommerzielle Zwecke genutzt werden. Kommerzielle Nutzung nur auf Anfrage!<\/p>\n\n\n\n<div style=\"height:80px\" aria-hidden=\"true\" class=\"wp-block-spacer\"><\/div>\n\n\n\n<p>Den Anfang macht ein kleiner Vergleich &#8230;<\/p>\n\n\n\n<div class=\"wp-block-group\"><div class=\"wp-block-group__inner-container is-layout-flow wp-block-group-is-layout-flow\"><div class=\"n2-section-smartslider fitvidsignore  n2_clear\" data-ssid=\"12\"><div id=\"n2-ss-12-align\" class=\"n2-ss-align\" style=\"margin: 0 auto; max-width: 600px;\"><div class=\"n2-padding\"><div id=\"n2-ss-12\" data-creator=\"Smart Slider 3\" data-responsive=\"auto\" class=\"n2-ss-slider n2-ow n2-has-hover n2notransition  \">\n        <div class=\"n2-ss-slider-1 n2_ss__touch_element n2-ow\">\n            <div class=\"n2-ss-slider-2 n2-ow\">\n                                                <div class=\"n2-ss-slider-3 n2-ow\">\n\n                    <div class=\"n2-ss-slide-backgrounds n2-ow-all\"><div class=\"n2-ss-slide-background\" data-public-id=\"1\" data-mode=\"fill\"><div data-color=\"RGBA(26,30,33,1)\" style=\"background-color: RGBA(26,30,33,1);\" class=\"n2-ss-slide-background-color\"><\/div><\/div><\/div>                    <div class=\"n2-ss-slider-4 n2-ow\">\n                        <svg xmlns=\"http:\/\/www.w3.org\/2000\/svg\" viewBox=\"0 0 600 400\" data-related-device=\"desktopPortrait\" class=\"n2-ow n2-ss-preserve-size n2-ss-preserve-size--slider n2-ss-slide-limiter\"><\/svg><div data-first=\"1\" data-slide-duration=\"0\" data-id=\"57\" data-slide-public-id=\"1\" data-title=\"Slide\" class=\"n2-ss-slide n2-ow  n2-ss-slide-57\"><div role=\"note\" class=\"n2-ss-slide--focus\" tabindex=\"-1\">Slide<\/div><div class=\"n2-ss-layers-container n2-ss-slide-limiter n2-ow\"><div class=\"n2-ss-layer n2-ow n-uc-4nO49h8DbCQZ\" data-sstype=\"slide\" data-pm=\"default\"><div class=\"n2-ss-layer n2-ow n-uc-AiOGb83DX1PX\" data-pm=\"default\" data-sstype=\"content\" data-hasbackground=\"0\"><div class=\"n2-ss-section-main-content n2-ss-layer-with-background n2-ss-layer-content n2-ow n-uc-AiOGb83DX1PX-inner\"><div class=\"n2-ss-layer n2-ow n-uc-Wq090lAfUU5S\" data-pm=\"normal\" data-animv2=\"{&quot;basic&quot;:{&quot;in&quot;:{&quot;type&quot;:&quot;basic&quot;,&quot;name&quot;:&quot;\\u00dcberblenden&quot;,&quot;keyFrames&quot;:[{&quot;opacity&quot;:0}]}}}\" data-sstype=\"layer\"><div id=\"n2-ss-12item1\" class=\"n2-ss-item-ba-wrapper n2-ss-item-content n2-ow-all\"><div style=\"\n       --dividerColor : RGBA(255,255,255,1) ;\n       --dividerPos : 20%;\n       --imagePos : 20%;\n       --labelBackground : RGBA(26,30,33,1);\n       --captionBackground : RGBA(255,255,255,1);\n       --dividerWidth : 4px;\" class=\"n2-ss-item-ba-container n2-ss-item-ba-container--horizontal n2_container_scrollable  n2-ss-item-ba-container--interaction-drag\"><div class=\"n2-ss-item-ba-image-container n2-ss-item-ba-image-container--bottom n2-ss-item-ba-label-container--start\"><div class='n2-ss-item-ba-label n2-ss-item-ba-label--before n2-ss-item-ba-label--show-hover n2-ss-text n2-ow n2-font-03f007023b94a32771f88d1eb2528a98-simple '> Bemalt<\/div><picture class=\"skip-lazy\" data-skip-lazy=\"1\"><source srcset=\"\/\/www.myGuitarART.ch\/wp-content\/uploads\/slider\/cache\/ac7ae8cb7ac059f1d0e3de4d9c84da58\/Pickguard-MUSTER_3.webp\" type=\"image\/webp\" class=\"skip-lazy\" data-skip-lazy=\"1\"><img loading=\"lazy\" decoding=\"async\" alt=\"Bemalt\" class=\"n2-ow-all n2-ss-item-ba-image n2-ss-item-ba-image--before skip-lazy\" draggable=\"false\" width=\"400\" height=\"495\" data-skip-lazy=\"1\" src=\"\/\/www.myGuitarART.ch\/wp-content\/uploads\/2022\/04\/Pickguard-MUSTER_3.png\" \/><\/picture><\/div><div class=\"n2-ss-item-ba-image-container n2-ss-item-ba-image-container--top n2-ss-item-ba-label-container--start\"><div class='n2-ss-item-ba-label n2-ss-item-ba-label--after n2-ss-item-ba-label--show-hover n2-ss-text n2-ow n2-font-03f007023b94a32771f88d1eb2528a98-simple '> Vorgezeichnet<\/div><picture class=\"skip-lazy\" data-skip-lazy=\"1\"><source srcset=\"\/\/www.myGuitarART.ch\/wp-content\/uploads\/slider\/cache\/b7286fa14ea01750d0123a4b17cee17e\/Pickguard-MUSTER_2.webp\" type=\"image\/webp\" class=\"skip-lazy\" data-skip-lazy=\"1\"><img loading=\"lazy\" decoding=\"async\" alt=\"Vorgezeichnet\" class=\"n2-ow-all n2-ss-item-ba-image n2-ss-item-ba-image--after skip-lazy\" draggable=\"false\" width=\"400\" height=\"495\" data-skip-lazy=\"1\" src=\"\/\/www.myGuitarART.ch\/wp-content\/uploads\/2022\/04\/Pickguard-MUSTER_2.png\" \/><\/picture><\/div><div class=\"n2-ss-item-ba-divider-container\"><div class=\"n2-ss-item-ba-divider \"><div class='n2-ss-item-ba-divider-part n2-ss-item-ba-divider-part--top'><\/div><div class=\"n2-ss-item-ba-arrow-container n2-ss-item-ba-arrow-container--arrow\"><svg class=\"n2-ss-item-ba-arrow\" data-type=\"default\" width=\"10\" height=\"16\" viewBox=\"0 0 10 16\" fill=\"none\" xmlns=\"http:\/\/www.w3.org\/2000\/svg\">\n    <path fill-rule=\"evenodd\" clip-rule=\"evenodd\" d=\"M9.70035 2.74313L4.43483 7.96757L9.70035 13.2521C9.90178 13.4546 10 13.6884 10 13.9567C10 14.2233 9.90178 14.4571 9.70035 14.6589L8.66489 15.6997C8.46512 15.8999 8.22957 16 7.96571 16C7.69935 16 7.46629 15.9007 7.26652 15.6989L0.302148 8.71701C0.102381 8.51684 0 8.28464 0 8.01241C0 7.74498 0.101548 7.50798 0.302148 7.30781L7.26652 0.301857C7.45797 0.100085 7.69103 0 7.95738 0C8.2279 0 8.46263 0.100886 8.66489 0.302657L9.69868 1.36436C9.90012 1.56613 9.99833 1.79673 9.99833 2.05615C9.99833 2.31237 9.90012 2.54456 9.69868 2.74473L9.70035 2.74313Z\" fill=\"white\"\/>\n<\/svg><svg class=\"n2-ss-item-ba-arrow\" data-type=\"default\" width=\"10\" height=\"16\" viewBox=\"0 0 10 16\" fill=\"none\" xmlns=\"http:\/\/www.w3.org\/2000\/svg\">\n    <path fill-rule=\"evenodd\" clip-rule=\"evenodd\" d=\"M9.70035 2.74313L4.43483 7.96757L9.70035 13.2521C9.90178 13.4546 10 13.6884 10 13.9567C10 14.2233 9.90178 14.4571 9.70035 14.6589L8.66489 15.6997C8.46512 15.8999 8.22957 16 7.96571 16C7.69935 16 7.46629 15.9007 7.26652 15.6989L0.302148 8.71701C0.102381 8.51684 0 8.28464 0 8.01241C0 7.74498 0.101548 7.50798 0.302148 7.30781L7.26652 0.301857C7.45797 0.100085 7.69103 0 7.95738 0C8.2279 0 8.46263 0.100886 8.66489 0.302657L9.69868 1.36436C9.90012 1.56613 9.99833 1.79673 9.99833 2.05615C9.99833 2.31237 9.90012 2.54456 9.69868 2.74473L9.70035 2.74313Z\" fill=\"white\"\/>\n<\/svg><\/div><div class='n2-ss-item-ba-divider-part n2-ss-item-ba-divider-part--bottom'><\/div><\/div><\/div><\/div><\/div><\/div><div class=\"n2-ss-layer n2-ow n2-ss-layer--block n2-ss-has-self-align n2-ss-stretch-layer n-uc-1513c048fd5f5\" data-pm=\"normal\" data-sstype=\"row\"><div class=\"n2-ss-layer-row n2-ss-layer-with-background n-uc-1513c048fd5f5-inner\"><div class=\"n2-ss-layer-row-inner \"><div class=\"n2-ss-layer n2-ow n-uc-191b6a2d51b40\" data-pm=\"default\" data-sstype=\"col\"><div class=\"n2-ss-layer-col n2-ss-layer-with-background n2-ss-layer-content n-uc-191b6a2d51b40-inner\"><div class=\"n2-ss-layer n2-ow n-uc-q7KEVeeOxEz0\" data-pm=\"normal\" data-sstype=\"layer\"><div id=\"n2-ss-12item2\" class=\"n2-font-2e7f5e599413d24d54cbf1d84a433f99-hover   n2-ss-item-content n2-ss-text n2-ow\" style=\"display:block;\"><b>myGuitarART<\/b> &#8222;ROCKY&#8220; Pickguard<\/div><\/div><\/div><\/div><\/div><\/div><\/div><\/div><\/div><\/div><\/div><\/div>                    <\/div>\n\n                                    <\/div>\n            <\/div>\n        <\/div>\n        <\/div><ss3-loader><\/ss3-loader><\/div><\/div><div class=\"n2_clear\"><\/div><\/div><\/div><\/div>\n\n\n\n<div style=\"height:80px\" aria-hidden=\"true\" class=\"wp-block-spacer\"><\/div>\n\n\n\n<figure class=\"wp-block-video\"><video height=\"1080\" style=\"aspect-ratio: 1920 \/ 1080;\" width=\"1920\" autoplay controls loop poster=\"https:\/\/www.myGuitarART.ch\/wp-content\/uploads\/2022\/11\/Lets-Share-ROCKY-Poster-IG_2.jpg\" src=\"https:\/\/www.myGuitarART.ch\/wp-content\/uploads\/2022\/11\/The-Making-Off-ROCKY-vertont.mp4\"><\/video><\/figure>\n\n\n\n<h3 class=\"wp-block-heading has-text-align-center has-nv-text-dark-bg-color has-nv-dark-bg-background-color has-text-color has-background\">myGuitarART &#8222;The Making Of ROCKY&#8220; Poster<\/h3>\n\n\n\n<div style=\"height:40px\" aria-hidden=\"true\" class=\"wp-block-spacer\"><\/div>\n\n\n\n<div class=\"wp-block-buttons is-content-justification-center is-layout-flex wp-container-core-buttons-is-layout-16018d1d wp-block-buttons-is-layout-flex\">\n<div class=\"wp-block-button is-style-primary\"><a class=\"wp-block-button__link wp-element-button\" href=\"https:\/\/www.myguitarart.ch\/?page_id=1749\">Nach oben<\/a><\/div>\n<\/div>\n\n\n\n<div style=\"height:100px\" aria-hidden=\"true\" class=\"wp-block-spacer\"><\/div>\n","protected":false},"excerpt":{"rendered":"<p>Trete ein in die bunte Welt von myGuitarART Galerie Etwas spontan und ohne viele Worte stell ich hier aus meinen Archiv von mehreren Tausend Bildern etwas bunt gew\u00fcrfelt Beitr\u00e4ge bereit. Ich w\u00fcnsche allen viel Spass. Die Bilder d\u00fcrfen unter Verweis auf diese Quelle, myGuitarART.ch\/galerie f\u00fcr nicht kommerzielle Zwecke genutzt werden. Kommerzielle Nutzung nur auf Anfrage!&hellip;&nbsp;<a href=\"https:\/\/www.myGuitarART.ch\/?page_id=1749\" rel=\"bookmark\">Weiterlesen &raquo;<span class=\"screen-reader-text\">Galerie<\/span><\/a><\/p>\n","protected":false},"author":1,"featured_media":0,"parent":0,"menu_order":0,"comment_status":"closed","ping_status":"closed","template":"","meta":{"neve_meta_sidebar":"","neve_meta_container":"","neve_meta_enable_content_width":"","neve_meta_content_width":0,"neve_meta_title_alignment":"","neve_meta_author_avatar":"","neve_post_elements_order":"","neve_meta_disable_header":"","neve_meta_disable_footer":"","neve_meta_disable_title":"","footnotes":""},"class_list":["post-1749","page","type-page","status-publish","hentry"],"_links":{"self":[{"href":"https:\/\/www.myGuitarART.ch\/index.php?rest_route=\/wp\/v2\/pages\/1749","targetHints":{"allow":["GET"]}}],"collection":[{"href":"https:\/\/www.myGuitarART.ch\/index.php?rest_route=\/wp\/v2\/pages"}],"about":[{"href":"https:\/\/www.myGuitarART.ch\/index.php?rest_route=\/wp\/v2\/types\/page"}],"author":[{"embeddable":true,"href":"https:\/\/www.myGuitarART.ch\/index.php?rest_route=\/wp\/v2\/users\/1"}],"replies":[{"embeddable":true,"href":"https:\/\/www.myGuitarART.ch\/index.php?rest_route=%2Fwp%2Fv2%2Fcomments&post=1749"}],"version-history":[{"count":19,"href":"https:\/\/www.myGuitarART.ch\/index.php?rest_route=\/wp\/v2\/pages\/1749\/revisions"}],"predecessor-version":[{"id":2124,"href":"https:\/\/www.myGuitarART.ch\/index.php?rest_route=\/wp\/v2\/pages\/1749\/revisions\/2124"}],"wp:attachment":[{"href":"https:\/\/www.myGuitarART.ch\/index.php?rest_route=%2Fwp%2Fv2%2Fmedia&parent=1749"}],"curies":[{"name":"wp","href":"https:\/\/api.w.org\/{rel}","templated":true}]}}