{"id":1791,"date":"2026-01-30T13:38:22","date_gmt":"2026-01-30T13:38:22","guid":{"rendered":"https:\/\/www.myGuitarART.ch\/?page_id=1791"},"modified":"2026-04-01T09:32:10","modified_gmt":"2026-04-01T09:32:10","slug":"verkauf","status":"publish","type":"page","link":"https:\/\/www.myGuitarART.ch\/?page_id=1791","title":{"rendered":"Verkauf"},"content":{"rendered":"\n<div class=\"wp-block-cover alignfull is-light\" style=\"min-height:700px;aspect-ratio:unset;\"><img loading=\"lazy\" decoding=\"async\" width=\"2560\" height=\"1387\" class=\"wp-block-cover__image-background wp-image-2161\" alt=\"\" src=\"https:\/\/www.myGuitarART.ch\/wp-content\/uploads\/2026\/01\/LS-ROCKY-scaled.jpg\" data-object-fit=\"cover\" srcset=\"https:\/\/www.myGuitarART.ch\/wp-content\/uploads\/2026\/01\/LS-ROCKY-scaled.jpg 2560w, https:\/\/www.myGuitarART.ch\/wp-content\/uploads\/2026\/01\/LS-ROCKY-300x163.jpg 300w, https:\/\/www.myGuitarART.ch\/wp-content\/uploads\/2026\/01\/LS-ROCKY-1024x555.jpg 1024w, https:\/\/www.myGuitarART.ch\/wp-content\/uploads\/2026\/01\/LS-ROCKY-768x416.jpg 768w, https:\/\/www.myGuitarART.ch\/wp-content\/uploads\/2026\/01\/LS-ROCKY-1536x832.jpg 1536w, https:\/\/www.myGuitarART.ch\/wp-content\/uploads\/2026\/01\/LS-ROCKY-2048x1109.jpg 2048w\" sizes=\"auto, (max-width: 2560px) 100vw, 2560px\" \/><span aria-hidden=\"true\" class=\"wp-block-cover__background has-background-dim-0 has-background-dim\" style=\"background-color:#998172\"><\/span><div class=\"wp-block-cover__inner-container is-layout-flow wp-block-cover-is-layout-flow\">\n<div style=\"height:80px\" aria-hidden=\"true\" class=\"wp-block-spacer\"><\/div>\n\n\n\n<h1 class=\"wp-block-heading has-text-align-center has-nv-text-dark-bg-color has-text-color\"><strong>myGuitarART<\/strong><\/h1>\n\n\n\n<h2 class=\"wp-block-heading has-text-align-center has-nv-text-dark-bg-color has-text-color\"><strong>Verkauf<\/strong><\/h2>\n\n\n\n<p class=\"has-text-align-center has-nv-text-dark-bg-color has-text-color\">Ich l\u00f6se sowohl mein Atelier als auch meine Sammlung auf. Die Angebote werde ich ab sofort hier publizieren.<\/p>\n\n\n\n<div style=\"height:80px\" aria-hidden=\"true\" class=\"wp-block-spacer\"><\/div>\n\n\n\n<div style=\"height:80px\" aria-hidden=\"true\" class=\"wp-block-spacer\"><\/div>\n<\/div><\/div>\n\n\n\n<div style=\"height:20px\" aria-hidden=\"true\" class=\"wp-block-spacer\"><\/div>\n\n\n\n\n\n<div style=\"height:100px\" aria-hidden=\"true\" class=\"wp-block-spacer\"><\/div>\n\n\n\n<p>Was mich zum Verkauf bewegt<\/p>\n\n\n\n<blockquote class=\"wp-block-quote is-layout-flow wp-block-quote-is-layout-flow\">\n<p>Inspiriert Gitarren zu bemalen, hat mich die &#8222;ROCKY&#8220; von George Harrison und die Begeisterung f\u00fcr E-Gitarren Musik. Auch als Beatles-Fan der ersten Stunde und auch Fan von Klaus Voormann, der in enger freundschaftlicher Beziehung zu den Beatles stand, hat mich mit seiner k\u00fcnstlerischen Arbeit als Grafiker immer schon inspiriert.<br><br>Als ich im Herbst 2020 erstmalig die Fender\u00ae Limited Edition George Harrison Rocky Strat\u00ae sah, war das der Startschuss, um die erste Gitarre zu bemalen. Es wurde ein Replik der ROCKY, was sonst. Sozusagen ein Prototyp, bei dessen Erstellung ich sehr viel lernte, vor allem, was man alles falsch machen kann.<br><br>Es folgten dann 10 weitere Exemplare, basierend auf Squier Bullet E-Gitarren, weil f\u00fcr mich die originalgetreue Bemalung im Vordergrund stand, in der Annahme, dass allf\u00e4llige K\u00e4ufer prim\u00e4r daran interessiert sind, diese Gitarre an den eigenen vier W\u00e4nden zu pr\u00e4sentieren, als sie auf der B\u00fchne zu spielen. Dies ist aber auch nicht ausgeschlossen. Das Modell war begehrt, vor allem bei jungen Spielern und alle Exemplare lies ich am Schluss durch den Gitarrenbauer Fabian Mettler, AABACH Guitars einen umfassenden Service machen.<\/p>\n\n\n\n<p>Hier geht&#8217;s zur Homepage von AABACH Guitars: <a href=\"https:\/\/www.aabach-guitars.ch\" target=\"_blank\" rel=\"noreferrer noopener\">https:\/\/www.aabach-guitars.ch<\/a><\/p>\n\n\n\n<p>Die Idee, die Gitarren zu verkaufen, war von Anfang an vorhanden, denn ich fand, da Fender sein Modell zu einem Preis ($ 25&#8217;000.00) anbot, dieser f\u00fcr Normaldienende nicht bezahlbar ist und das trifft sicher auf den Grossteil von Beatles resp. George Harrison Fans zu. So erstellte ich die Exemplare im Sinne von &#8222;Jeder sollte eine ROCKY haben&#8220; und unter dem Motto &#8222;Let&#8217;s Share \/ ROCKY&#8220;. Die Bemalung ist \u00fcbrigens sehr originalgetreu, sowohl was die Exaktheit als auch die Farben betrifft und sie h\u00e4lt mit der Fender durchaus mit.<\/p>\n\n\n\n<p>Ich konnte mich bis heute nicht \u00fcberwinden auch nur ein St\u00fcck meiner Sammlung zu ver\u00e4ussern. Zu viel Herzblut h\u00e4ngt an jedem Exemplar, mit dem ich viele, viele Stunden verbrachte.<\/p>\n\n\n\n<p>Pers\u00f6nliche Gr\u00fcnde f\u00fchren aber zu Ver\u00e4nderungen, die mir die Lagerung der Sammlung und den Betrieb des Ateliers in der jetzigen Form verunm\u00f6glichen. Daher habe ich mich entschlossen, dieses Jahr zu nutzen, um vieles geordnet und ohne Zeitdruck zu verkaufen.<\/p>\n\n\n\n<p>Damit biete ich allen Interessierten eine einmalige Gelegenheit, sei es ein Exponat aus meiner Sammlung oder auch Ger\u00e4t und Materialien aus dem Atelier g\u00fcnstig zu erwerben.<\/p>\n\n\n\n<p><br>Anfragen via<\/p>\n\n\n\n<div class=\"wp-block-buttons is-horizontal is-content-justification-left is-layout-flex wp-container-core-buttons-is-layout-7e5fce0a wp-block-buttons-is-layout-flex\">\n<div class=\"wp-block-button is-style-primary\"><a class=\"wp-block-button__link wp-element-button\" href=\"https:\/\/www.myguitarart.ch\/?page_id=75\">Frag mich<\/a><\/div>\n<\/div>\n\n\n\n<p>Vorab einer Publizierung auf Tutti sind herzlich willkommen.<\/p>\n\n\n\n<p><\/p>\n\n\n\n<p><\/p>\n<cite><br>volwig 2026<\/cite><\/blockquote>\n\n\n\n\n\n<div style=\"height:24px\" aria-hidden=\"true\" class=\"wp-block-spacer\"><\/div>\n\n\n\n\n\n\n\n\n\n\n\n\n\n<div class=\"wp-block-columns is-layout-flex wp-container-core-columns-is-layout-9d6595d7 wp-block-columns-is-layout-flex\">\n<div class=\"wp-block-column is-layout-flow wp-block-column-is-layout-flow\" style=\"flex-basis:50%\">\n<h4 class=\"wp-block-heading\">Verkauf auf <a href=\"https:\/\/www.tutti.ch\/de\/seller?id=3536926497544118953\" target=\"_blank\" rel=\"noreferrer noopener\">tutti.ch<\/a><\/h4>\n\n\n\n<p>Ich verkaufe sowohl Sachen aus dem Atelier (Arbeitsmittel und Arbeitsmaterialien) als auch Exponate aus meiner Sammlung.<\/p>\n\n\n\n<p>Folgen Sie mir auf <a href=\"https:\/\/www.tutti.ch\/de\/seller?id=3536926497544118953\" target=\"_blank\" rel=\"noreferrer noopener\">tutti.ch<\/a> oder fragen Sie mich via Kontaktformular an.<\/p>\n\n\n\n<p>Herzlichen Dank<\/p>\n<\/div>\n\n\n\n<div class=\"wp-block-column is-layout-flow wp-block-column-is-layout-flow\" style=\"flex-basis:50%\"><\/div>\n<\/div>\n\n\n\n<p>Kontaktformular:<\/p>\n\n\n\n<div class=\"wp-block-buttons is-horizontal is-content-justification-left is-layout-flex wp-container-core-buttons-is-layout-7e5fce0a wp-block-buttons-is-layout-flex\">\n<div class=\"wp-block-button is-style-primary\"><a class=\"wp-block-button__link wp-element-button\" href=\"https:\/\/www.myguitarart.ch\/?page_id=75\">Frag mich<\/a><\/div>\n<\/div>\n\n\n\n<div style=\"height:40px\" aria-hidden=\"true\" class=\"wp-block-spacer\"><\/div>\n\n\n\n<div class=\"wp-block-columns is-layout-flex wp-container-core-columns-is-layout-9d6595d7 wp-block-columns-is-layout-flex\">\n<div class=\"wp-block-column is-layout-flow wp-block-column-is-layout-flow\">\n<p>Hier finden Sie meine aktuellen Angebote auf tutti.ch:<\/p>\n\n\n\n<div class=\"wp-block-media-text is-stacked-on-mobile\"><figure class=\"wp-block-media-text__media\"><a href=\"https:\/\/www.tutti.ch\/de\/seller?id=3536926497544118953\" target=\"_blank\" rel=\" noreferrer noopener\"><img loading=\"lazy\" decoding=\"async\" width=\"324\" height=\"108\" src=\"https:\/\/www.myGuitarART.ch\/wp-content\/uploads\/2026\/02\/Tutti.png\" alt=\"\" class=\"wp-image-2187 size-full\" srcset=\"https:\/\/www.myGuitarART.ch\/wp-content\/uploads\/2026\/02\/Tutti.png 324w, https:\/\/www.myGuitarART.ch\/wp-content\/uploads\/2026\/02\/Tutti-300x100.png 300w\" sizes=\"auto, (max-width: 324px) 100vw, 324px\" \/><\/a><\/figure><div class=\"wp-block-media-text__content\">\n<p><\/p>\n<\/div><\/div>\n<\/div>\n\n\n\n<div class=\"wp-block-column is-layout-flow wp-block-column-is-layout-flow\"><\/div>\n<\/div>\n\n\n\n<div style=\"height:60px\" aria-hidden=\"true\" class=\"wp-block-spacer\"><\/div>\n","protected":false},"excerpt":{"rendered":"<p>Was mich zum Verkauf bewegt Verkauf auf tutti.ch Ich verkaufe sowohl Sachen aus dem Atelier (Arbeitsmittel und Arbeitsmaterialien) als auch Exponate aus meiner Sammlung. Folgen Sie mir auf tutti.ch oder fragen Sie mich via Kontaktformular an. Herzlichen Dank Kontaktformular: Hier finden Sie meine aktuellen Angebote auf tutti.ch:<\/p>\n","protected":false},"author":1,"featured_media":0,"parent":0,"menu_order":0,"comment_status":"closed","ping_status":"closed","template":"","meta":{"neve_meta_sidebar":"default","neve_meta_container":"default","neve_meta_enable_content_width":"on","neve_meta_content_width":100,"neve_meta_title_alignment":"","neve_meta_author_avatar":"","neve_post_elements_order":"","neve_meta_disable_header":"","neve_meta_disable_footer":"","neve_meta_disable_title":"on","footnotes":""},"class_list":["post-1791","page","type-page","status-publish","hentry"],"_links":{"self":[{"href":"https:\/\/www.myGuitarART.ch\/index.php?rest_route=\/wp\/v2\/pages\/1791","targetHints":{"allow":["GET"]}}],"collection":[{"href":"https:\/\/www.myGuitarART.ch\/index.php?rest_route=\/wp\/v2\/pages"}],"about":[{"href":"https:\/\/www.myGuitarART.ch\/index.php?rest_route=\/wp\/v2\/types\/page"}],"author":[{"embeddable":true,"href":"https:\/\/www.myGuitarART.ch\/index.php?rest_route=\/wp\/v2\/users\/1"}],"replies":[{"embeddable":true,"href":"https:\/\/www.myGuitarART.ch\/index.php?rest_route=%2Fwp%2Fv2%2Fcomments&post=1791"}],"version-history":[{"count":28,"href":"https:\/\/www.myGuitarART.ch\/index.php?rest_route=\/wp\/v2\/pages\/1791\/revisions"}],"predecessor-version":[{"id":2215,"href":"https:\/\/www.myGuitarART.ch\/index.php?rest_route=\/wp\/v2\/pages\/1791\/revisions\/2215"}],"wp:attachment":[{"href":"https:\/\/www.myGuitarART.ch\/index.php?rest_route=%2Fwp%2Fv2%2Fmedia&parent=1791"}],"curies":[{"name":"wp","href":"https:\/\/api.w.org\/{rel}","templated":true}]}}