{"id":399,"date":"2022-04-07T10:00:45","date_gmt":"2022-04-07T10:00:45","guid":{"rendered":"https:\/\/www.myGuitarARTcollection.ch\/?page_id=399"},"modified":"2023-12-20T16:00:34","modified_gmt":"2023-12-20T16:00:34","slug":"news","status":"publish","type":"page","link":"https:\/\/www.myGuitarART.ch\/?page_id=399","title":{"rendered":"News"},"content":{"rendered":"\n<div class=\"wp-block-cover alignfull\" style=\"min-height:700px;aspect-ratio:unset;\"><span aria-hidden=\"true\" class=\"wp-block-cover__background has-nv-light-bg-background-color has-background-dim-40 has-background-dim\"><\/span><img loading=\"lazy\" decoding=\"async\" width=\"1170\" height=\"878\" class=\"wp-block-cover__image-background wp-image-1315\" alt=\"\" src=\"http:\/\/www.myGuitarART.ch\/wp-content\/uploads\/2022\/04\/00039-e1650477716316.png\" style=\"object-position:50% 60%\" data-object-fit=\"cover\" data-object-position=\"50% 60%\"\/><div class=\"wp-block-cover__inner-container is-layout-flow wp-block-cover-is-layout-flow\">\n<div style=\"height:80px\" aria-hidden=\"true\" class=\"wp-block-spacer\"><\/div>\n\n\n\n<h1 class=\"wp-block-heading has-text-align-center has-neve-link-color-color has-text-color\">myGuitarART<\/h1>\n\n\n\n<h2 class=\"wp-block-heading has-text-align-center has-neve-link-color-color has-text-color\">Good News<\/h2>\n\n\n\n<p class=\"has-text-align-center has-neve-link-color-color has-text-color\">Aktuelle Beitr\u00e4ge rund ums Thema GuitarART.<\/p>\n\n\n\n<div style=\"height:80px\" aria-hidden=\"true\" class=\"wp-block-spacer\"><\/div>\n\n\n\n<div style=\"height:80px\" aria-hidden=\"true\" class=\"wp-block-spacer\"><\/div>\n<\/div><\/div>\n\n\n\n<div style=\"height:80px\" aria-hidden=\"true\" class=\"wp-block-spacer\"><\/div>\n\n\n\n<p>HINWEIS: Ich bin kein Freund von Newslettern und biete daher diesen Service nicht an. Besucht meine Webseite, wenn euch Neuigkeiten wirklich interessieren, ansonsten habt ihr Ruhe vor mir &#8230;<\/p>\n\n\n\n<div style=\"height:80px\" aria-hidden=\"true\" class=\"wp-block-spacer\"><\/div>\n\n\n<ul class=\"wp-block-latest-posts__list is-grid columns-3 wp-block-latest-posts\"><li><div class=\"wp-block-latest-posts__featured-image\"><a href=\"https:\/\/www.myGuitarART.ch\/?p=2156\" aria-label=\"Update 01\/2026\"><img loading=\"lazy\" decoding=\"async\" width=\"150\" height=\"150\" src=\"https:\/\/www.myGuitarART.ch\/wp-content\/uploads\/2026\/01\/LS-ROCKY-150x150.jpg\" class=\"attachment-thumbnail size-thumbnail wp-post-image\" alt=\"\" style=\"\" \/><\/a><\/div><a class=\"wp-block-latest-posts__post-title\" href=\"https:\/\/www.myGuitarART.ch\/?p=2156\">Update 01\/2026<\/a><div class=\"wp-block-latest-posts__post-excerpt\">Per sofort stelle ich meine arbeiten im Atelier ein und werde sowohl dieses als auch meine Sammlung aufl\u00f6sen. Alles steht zum Verkauf. Anfragen bei Kaufinteresse nehme und bearbeite ich gerne. Zudem werde ich meine Webseite um die Rubrik &#8222;Verkauf&#8220; in K\u00fcrze erweitern. Mehr Infos unter &#8222;NEU! VERKAUF&#8220;<\/div><\/li>\n<li><div class=\"wp-block-latest-posts__featured-image\"><a href=\"https:\/\/www.myGuitarART.ch\/?p=1955\" aria-label=\"Update 11\/2023\"><img loading=\"lazy\" decoding=\"async\" width=\"150\" height=\"150\" src=\"https:\/\/www.myGuitarART.ch\/wp-content\/uploads\/2023\/11\/gART-Bilder-Instrumente-Vor-und-Rueckseite-Webseite-2160x2160_11-150x150.png\" class=\"attachment-thumbnail size-thumbnail wp-post-image\" alt=\"\" style=\"\" srcset=\"https:\/\/www.myGuitarART.ch\/wp-content\/uploads\/2023\/11\/gART-Bilder-Instrumente-Vor-und-Rueckseite-Webseite-2160x2160_11-150x150.png 150w, https:\/\/www.myGuitarART.ch\/wp-content\/uploads\/2023\/11\/gART-Bilder-Instrumente-Vor-und-Rueckseite-Webseite-2160x2160_11-300x300.png 300w, https:\/\/www.myGuitarART.ch\/wp-content\/uploads\/2023\/11\/gART-Bilder-Instrumente-Vor-und-Rueckseite-Webseite-2160x2160_11-1024x1024.png 1024w, https:\/\/www.myGuitarART.ch\/wp-content\/uploads\/2023\/11\/gART-Bilder-Instrumente-Vor-und-Rueckseite-Webseite-2160x2160_11-768x768.png 768w, https:\/\/www.myGuitarART.ch\/wp-content\/uploads\/2023\/11\/gART-Bilder-Instrumente-Vor-und-Rueckseite-Webseite-2160x2160_11-1536x1536.png 1536w, https:\/\/www.myGuitarART.ch\/wp-content\/uploads\/2023\/11\/gART-Bilder-Instrumente-Vor-und-Rueckseite-Webseite-2160x2160_11-2048x2048.png 2048w\" sizes=\"auto, (max-width: 150px) 100vw, 150px\" \/><\/a><\/div><a class=\"wp-block-latest-posts__post-title\" href=\"https:\/\/www.myGuitarART.ch\/?p=1955\">Update 11\/2023<\/a><div class=\"wp-block-latest-posts__post-excerpt\">Endlich konnte ich den Inhalt meiner Webseite mit Bilder aller meiner ART Guitars erg\u00e4nzen, die sich nun unter SAMMLUNG &#8211; KOLLEKTIONEN finden lassen. Standesgem\u00e4ss pr\u00e4sentieren sich die Exemplare auf Staffeleien vor schwarzem Hintergrund. Das Beispiel zeigt 2 der aktuell 42 Exemplare:<\/div><\/li>\n<li><div class=\"wp-block-latest-posts__featured-image\"><a href=\"https:\/\/www.myGuitarART.ch\/?p=1767\" aria-label=\"myGuitarART.ch jetzt \u00f6ffentlich\"><img loading=\"lazy\" decoding=\"async\" width=\"150\" height=\"150\" src=\"https:\/\/www.myGuitarART.ch\/wp-content\/uploads\/2022\/05\/gART-WS-Head-150x150.png\" class=\"attachment-thumbnail size-thumbnail wp-post-image\" alt=\"\" style=\"\" \/><\/a><\/div><a class=\"wp-block-latest-posts__post-title\" href=\"https:\/\/www.myGuitarART.ch\/?p=1767\">myGuitarART.ch jetzt \u00f6ffentlich<\/a><div class=\"wp-block-latest-posts__post-excerpt\">Eine Webseite ist ja nie fertig, daher habe ich mich entschieden, meine jetzt zu ver\u00f6ffentlichen, obwohl sie noch nicht fertig ist. \ud83d\ude09 Etlicher Inhalt fehlt noch und ich werde bem\u00fcht sein, diesen so rasch wie m\u00f6glich zu erstellen. Falls jemand dringend Fragen hat oder Informationen haben m\u00f6chte, dann darf er mich gerne fragen.<\/div><\/li>\n<\/ul>\n\n\n<div style=\"height:40px\" aria-hidden=\"true\" class=\"wp-block-spacer\"><\/div>\n\n\n\n<div class=\"wp-block-buttons is-content-justification-center is-layout-flex wp-container-core-buttons-is-layout-16018d1d wp-block-buttons-is-layout-flex\">\n<div class=\"wp-block-button is-style-primary\"><a class=\"wp-block-button__link wp-element-button\" href=\"https:\/\/www.myguitarart.ch\/?page_id=399\">Nach oben<\/a><\/div>\n<\/div>\n\n\n\n<div style=\"height:100px\" aria-hidden=\"true\" class=\"wp-block-spacer\"><\/div>\n","protected":false},"excerpt":{"rendered":"<p>HINWEIS: Ich bin kein Freund von Newslettern und biete daher diesen Service nicht an. Besucht meine Webseite, wenn euch Neuigkeiten wirklich interessieren, ansonsten habt ihr Ruhe vor mir &#8230;<\/p>\n","protected":false},"author":1,"featured_media":0,"parent":0,"menu_order":0,"comment_status":"closed","ping_status":"closed","template":"","meta":{"neve_meta_sidebar":"","neve_meta_container":"","neve_meta_enable_content_width":"","neve_meta_content_width":0,"neve_meta_title_alignment":"","neve_meta_author_avatar":"","neve_post_elements_order":"","neve_meta_disable_header":"","neve_meta_disable_footer":"","neve_meta_disable_title":"on","footnotes":""},"class_list":["post-399","page","type-page","status-publish","hentry"],"_links":{"self":[{"href":"https:\/\/www.myGuitarART.ch\/index.php?rest_route=\/wp\/v2\/pages\/399","targetHints":{"allow":["GET"]}}],"collection":[{"href":"https:\/\/www.myGuitarART.ch\/index.php?rest_route=\/wp\/v2\/pages"}],"about":[{"href":"https:\/\/www.myGuitarART.ch\/index.php?rest_route=\/wp\/v2\/types\/page"}],"author":[{"embeddable":true,"href":"https:\/\/www.myGuitarART.ch\/index.php?rest_route=\/wp\/v2\/users\/1"}],"replies":[{"embeddable":true,"href":"https:\/\/www.myGuitarART.ch\/index.php?rest_route=%2Fwp%2Fv2%2Fcomments&post=399"}],"version-history":[{"count":14,"href":"https:\/\/www.myGuitarART.ch\/index.php?rest_route=\/wp\/v2\/pages\/399\/revisions"}],"predecessor-version":[{"id":2071,"href":"https:\/\/www.myGuitarART.ch\/index.php?rest_route=\/wp\/v2\/pages\/399\/revisions\/2071"}],"wp:attachment":[{"href":"https:\/\/www.myGuitarART.ch\/index.php?rest_route=%2Fwp%2Fv2%2Fmedia&parent=399"}],"curies":[{"name":"wp","href":"https:\/\/api.w.org\/{rel}","templated":true}]}}