{"id":420,"date":"2022-04-07T10:00:34","date_gmt":"2022-04-07T10:00:34","guid":{"rendered":"https:\/\/www.myGuitarARTcollection.ch\/?page_id=420"},"modified":"2023-12-20T19:23:46","modified_gmt":"2023-12-20T19:23:46","slug":"impressum","status":"publish","type":"page","link":"https:\/\/www.myGuitarART.ch\/?page_id=420","title":{"rendered":"Impressum"},"content":{"rendered":"\n<div class=\"wp-block-cover alignfull is-light has-nv-dark-bg-color has-text-color has-link-color wp-elements-4899e296dd15b60c4b1564db564961a3\" style=\"min-height:700px;aspect-ratio:unset;\"><span aria-hidden=\"true\" class=\"wp-block-cover__background has-background-dim-100 has-background-dim\" style=\"background-color:#998445\"><\/span><div class=\"wp-block-cover__inner-container is-layout-flow wp-block-cover-is-layout-flow\">\n<div style=\"height:80px\" aria-hidden=\"true\" class=\"wp-block-spacer\"><\/div>\n\n\n\n<h1 class=\"wp-block-heading has-text-align-center\">myGuitarART<\/h1>\n\n\n\n<h2 class=\"wp-block-heading has-text-align-center\">Impressum<\/h2>\n\n\n\n<p class=\"has-text-align-center\">Mehr erfahrt ihr gerne auf Anfrage.<\/p>\n\n\n\n<div style=\"height:80px\" aria-hidden=\"true\" class=\"wp-block-spacer\"><\/div>\n\n\n\n<div style=\"height:80px\" aria-hidden=\"true\" class=\"wp-block-spacer\"><\/div>\n<\/div><\/div>\n\n\n\n<div style=\"height:80px\" aria-hidden=\"true\" class=\"wp-block-spacer\"><\/div>\n\n\n\n<h2 class=\"wp-block-heading\">Was ich noch zu sagen h\u00e4tte &#8230;<\/h2>\n\n\n\n<p>&#8222;myGuitarARTcollection.ch&#8220; ist eine private, nichtkommerzielle Online-Plattform, die ausschliesslich dazu dient, meine Aktivit\u00e4ten im GuitarART Atelier und meine GuitarART Sammlung einer breiteren \u00d6ffentlichkeit zug\u00e4nglich zu machen. Und nur das alleine soll im Mittelpunkt stehen.<\/p>\n\n\n\n<p>Mir ist es ein wichtiges Anliegen, dass hier ausschliesslich die GuitarART im Mittelpunkt steht und nicht ich als Person. Daher agiere ich unter dem Pseudonym VOLWIG und bin ausschliesslich \u00fcber das  Kontaktformular erreichbar und stehe so f\u00fcr Kritik, Lob, Anregungen, Fragen, etc. gerne zur Verf\u00fcgung.<\/p>\n\n\n\n<p>Beheimatet sind mein Atelier und meine Sammlung zurzeit in Thalwil am Z\u00fcrichsee. Beide sind nicht \u00f6ffentlich.<\/p>\n\n\n\n<p>Viel Spass, Freude und vielleicht auch Inspiration beim Durchst\u00f6bern meiner Webseite.<\/p>\n\n\n\n<figure class=\"wp-block-image size-full is-resized\"><img loading=\"lazy\" decoding=\"async\" width=\"400\" height=\"189\" src=\"https:\/\/www.myGuitarART.ch\/wp-content\/uploads\/2023\/12\/volwig-sign-gold-transparent-2-hell.png\" alt=\"\" class=\"wp-image-2076\" style=\"object-fit:cover;width:400px;height:189px\" srcset=\"https:\/\/www.myGuitarART.ch\/wp-content\/uploads\/2023\/12\/volwig-sign-gold-transparent-2-hell.png 400w, https:\/\/www.myGuitarART.ch\/wp-content\/uploads\/2023\/12\/volwig-sign-gold-transparent-2-hell-300x142.png 300w\" sizes=\"auto, (max-width: 400px) 100vw, 400px\" \/><\/figure>\n\n\n\n<div style=\"height:51px\" aria-hidden=\"true\" class=\"wp-block-spacer\"><\/div>\n\n\n\n<div class=\"wp-block-buttons is-layout-flex wp-block-buttons-is-layout-flex\">\n<div class=\"wp-block-button is-style-primary\"><a class=\"wp-block-button__link wp-element-button\" href=\"https:\/\/www.myguitarart.ch\/?page_id=75\">Frag mich<\/a><\/div>\n<\/div>\n\n\n\n<div style=\"height:100px\" aria-hidden=\"true\" class=\"wp-block-spacer\"><\/div>\n","protected":false},"excerpt":{"rendered":"<p>Was ich noch zu sagen h\u00e4tte &#8230; &#8222;myGuitarARTcollection.ch&#8220; ist eine private, nichtkommerzielle Online-Plattform, die ausschliesslich dazu dient, meine Aktivit\u00e4ten im GuitarART Atelier und meine GuitarART Sammlung einer breiteren \u00d6ffentlichkeit zug\u00e4nglich zu machen. Und nur das alleine soll im Mittelpunkt stehen. Mir ist es ein wichtiges Anliegen, dass hier ausschliesslich die GuitarART im Mittelpunkt steht und&hellip;&nbsp;<a href=\"https:\/\/www.myGuitarART.ch\/?page_id=420\" rel=\"bookmark\">Weiterlesen &raquo;<span class=\"screen-reader-text\">Impressum<\/span><\/a><\/p>\n","protected":false},"author":1,"featured_media":0,"parent":0,"menu_order":0,"comment_status":"closed","ping_status":"closed","template":"","meta":{"neve_meta_sidebar":"","neve_meta_container":"","neve_meta_enable_content_width":"","neve_meta_content_width":0,"neve_meta_title_alignment":"","neve_meta_author_avatar":"","neve_post_elements_order":"","neve_meta_disable_header":"","neve_meta_disable_footer":"","neve_meta_disable_title":"on","footnotes":""},"class_list":["post-420","page","type-page","status-publish","hentry"],"_links":{"self":[{"href":"https:\/\/www.myGuitarART.ch\/index.php?rest_route=\/wp\/v2\/pages\/420","targetHints":{"allow":["GET"]}}],"collection":[{"href":"https:\/\/www.myGuitarART.ch\/index.php?rest_route=\/wp\/v2\/pages"}],"about":[{"href":"https:\/\/www.myGuitarART.ch\/index.php?rest_route=\/wp\/v2\/types\/page"}],"author":[{"embeddable":true,"href":"https:\/\/www.myGuitarART.ch\/index.php?rest_route=\/wp\/v2\/users\/1"}],"replies":[{"embeddable":true,"href":"https:\/\/www.myGuitarART.ch\/index.php?rest_route=%2Fwp%2Fv2%2Fcomments&post=420"}],"version-history":[{"count":20,"href":"https:\/\/www.myGuitarART.ch\/index.php?rest_route=\/wp\/v2\/pages\/420\/revisions"}],"predecessor-version":[{"id":2098,"href":"https:\/\/www.myGuitarART.ch\/index.php?rest_route=\/wp\/v2\/pages\/420\/revisions\/2098"}],"wp:attachment":[{"href":"https:\/\/www.myGuitarART.ch\/index.php?rest_route=%2Fwp%2Fv2%2Fmedia&parent=420"}],"curies":[{"name":"wp","href":"https:\/\/api.w.org\/{rel}","templated":true}]}}