{"id":422,"date":"2022-04-07T10:00:34","date_gmt":"2022-04-07T10:00:34","guid":{"rendered":"https:\/\/www.myGuitarARTcollection.ch\/?page_id=422"},"modified":"2023-12-20T19:24:02","modified_gmt":"2023-12-20T19:24:02","slug":"datenschutzerklaerung","status":"publish","type":"page","link":"https:\/\/www.myGuitarART.ch\/?page_id=422","title":{"rendered":"Datenschutzerkl\u00e4rung"},"content":{"rendered":"\n<div class=\"wp-block-cover alignfull is-light\" style=\"min-height:700px;aspect-ratio:unset;\"><span aria-hidden=\"true\" class=\"wp-block-cover__background has-background-dim-100 has-background-dim\" style=\"background-color:#998445\"><\/span><div class=\"wp-block-cover__inner-container is-layout-flow wp-block-cover-is-layout-flow\">\n<div style=\"height:80px\" aria-hidden=\"true\" class=\"wp-block-spacer\"><\/div>\n\n\n\n<h1 class=\"wp-block-heading has-text-align-center\">myGuitarART<\/h1>\n\n\n\n<h2 class=\"wp-block-heading has-text-align-center\">Datenschutzerkl\u00e4rung<\/h2>\n\n\n\n<p class=\"has-text-align-center\">Grunds\u00e4tzlich habe ich kein kommerzielles Interesse und daher auch nicht an euren Daten.<\/p>\n\n\n\n<div style=\"height:80px\" aria-hidden=\"true\" class=\"wp-block-spacer\"><\/div>\n\n\n\n<div style=\"height:80px\" aria-hidden=\"true\" class=\"wp-block-spacer\"><\/div>\n<\/div><\/div>\n\n\n\n<div class=\"wp-block-columns alignfull is-layout-flex wp-container-core-columns-is-layout-9d6595d7 wp-block-columns-is-layout-flex\">\n<div class=\"wp-block-column is-layout-flow wp-block-column-is-layout-flow\" style=\"flex-basis:100%\">\n<div style=\"height:80px\" aria-hidden=\"true\" class=\"wp-block-spacer\"><\/div>\n<\/div>\n<\/div>\n\n\n\n<h2 class=\"wp-block-heading\">Wer ich bin<\/h2>\n\n\n\n<p>Die Adresse meiner Website ist: http:\/\/www.myGuitarART.ch.<\/p>\n\n\n\n<h2 class=\"wp-block-heading\">Eingebettete Inhalte von anderen Websites<\/h2>\n\n\n\n<p>Beitr\u00e4ge auf dieser Website k\u00f6nnen eingebettete Inhalte beinhalten (z.&nbsp;B. Videos, Bilder, Beitr\u00e4ge etc.). Eingebettete Inhalte von anderen Websites verhalten sich exakt so, als ob der Besucher die andere Website besucht h\u00e4tte.<\/p>\n\n\n\n<p>Diese Websites k\u00f6nnen Daten \u00fcber dich sammeln, Cookies benutzen, zus\u00e4tzliche Tracking-Dienste von Dritten einbetten und deine Interaktion mit diesem eingebetteten Inhalt aufzeichnen, inklusive deiner Interaktion mit dem eingebetteten Inhalt, falls du ein Konto hast und auf dieser Website angemeldet bist.<\/p>\n\n\n\n<h2 class=\"wp-block-heading\">Mit wem ich deine Daten teile<\/h2>\n\n\n\n<p>Daten, die du mir im Rahmen der von dir ausgehenden Kommunikation preisgibst werden von mir nicht explizit gespeichert und nur im Rahmen unserer Kommunikation genutzt und zwischengespeichert.<br><br>Grunds\u00e4tzlich teile ich mit niemanden Daten.<\/p>\n\n\n\n<h2 class=\"wp-block-heading\">Wie lange ich deine Daten speicher<\/h2>\n\n\n\n<p>So lange, wie es unsere direkte Kommunikation erfordert.<\/p>\n\n\n\n<h2 class=\"wp-block-heading\">Wohin ich deine Daten sende<\/h2>\n\n\n\n<p>Grunds\u00e4tzlich werden alle E-Mails, die an mich gesendet werden, von dem Mail-Server des Providers verarbeitet und gehostet. Dort ist es \u00fcblich, dass alle E-Mails von einem automatisierten Dienst zur Spam-Erkennung untersucht werden. Welche Daten dazu ggf. gespeichert werden entzieht sowohl meiner Kenntnis als auch meinem Einfluss.<\/p>\n\n\n\n<h2 class=\"wp-block-heading\">Schlussfolgerung<\/h2>\n\n\n\n<p>Grunds\u00e4tzlich habe ich kein kommerzielles Interesse und daher auch nicht an euren Daten. Alle Funktionen, die dem Sammeln von Daten dienen, habe ich, soweit sie mir transparent sind, deaktiviert resp. nicht aktiviert. Eure Daten, die ihr mir w\u00e4hrend unserer Kommunikation anvertraut, gebe ich niemanden weiter und Speicher diese auch nur, wenn es zum Zweck unserer Kommunikation notwendig und in unser beiderseitigem Interesse ist.<\/p>\n\n\n\n<div style=\"height:50px\" aria-hidden=\"true\" class=\"wp-block-spacer\"><\/div>\n\n\n\n<div class=\"wp-block-buttons is-layout-flex wp-block-buttons-is-layout-flex\">\n<div class=\"wp-block-button is-style-primary\"><a class=\"wp-block-button__link wp-element-button\" href=\"https:\/\/www.myguitarart.ch\/?page_id=75\">Frag mich<\/a><\/div>\n<\/div>\n\n\n\n<div style=\"height:100px\" aria-hidden=\"true\" class=\"wp-block-spacer\"><\/div>\n","protected":false},"excerpt":{"rendered":"<p>Wer ich bin Die Adresse meiner Website ist: http:\/\/www.myGuitarART.ch. Eingebettete Inhalte von anderen Websites Beitr\u00e4ge auf dieser Website k\u00f6nnen eingebettete Inhalte beinhalten (z.&nbsp;B. Videos, Bilder, Beitr\u00e4ge etc.). Eingebettete Inhalte von anderen Websites verhalten sich exakt so, als ob der Besucher die andere Website besucht h\u00e4tte. Diese Websites k\u00f6nnen Daten \u00fcber dich sammeln, Cookies benutzen, zus\u00e4tzliche&hellip;&nbsp;<a href=\"https:\/\/www.myGuitarART.ch\/?page_id=422\" rel=\"bookmark\">Weiterlesen &raquo;<span class=\"screen-reader-text\">Datenschutzerkl\u00e4rung<\/span><\/a><\/p>\n","protected":false},"author":1,"featured_media":0,"parent":0,"menu_order":0,"comment_status":"closed","ping_status":"closed","template":"","meta":{"neve_meta_sidebar":"","neve_meta_container":"default","neve_meta_enable_content_width":"","neve_meta_content_width":0,"neve_meta_title_alignment":"","neve_meta_author_avatar":"","neve_post_elements_order":"","neve_meta_disable_header":"","neve_meta_disable_footer":"","neve_meta_disable_title":"on","footnotes":""},"class_list":["post-422","page","type-page","status-publish","hentry"],"_links":{"self":[{"href":"https:\/\/www.myGuitarART.ch\/index.php?rest_route=\/wp\/v2\/pages\/422","targetHints":{"allow":["GET"]}}],"collection":[{"href":"https:\/\/www.myGuitarART.ch\/index.php?rest_route=\/wp\/v2\/pages"}],"about":[{"href":"https:\/\/www.myGuitarART.ch\/index.php?rest_route=\/wp\/v2\/types\/page"}],"author":[{"embeddable":true,"href":"https:\/\/www.myGuitarART.ch\/index.php?rest_route=\/wp\/v2\/users\/1"}],"replies":[{"embeddable":true,"href":"https:\/\/www.myGuitarART.ch\/index.php?rest_route=%2Fwp%2Fv2%2Fcomments&post=422"}],"version-history":[{"count":20,"href":"https:\/\/www.myGuitarART.ch\/index.php?rest_route=\/wp\/v2\/pages\/422\/revisions"}],"predecessor-version":[{"id":2099,"href":"https:\/\/www.myGuitarART.ch\/index.php?rest_route=\/wp\/v2\/pages\/422\/revisions\/2099"}],"wp:attachment":[{"href":"https:\/\/www.myGuitarART.ch\/index.php?rest_route=%2Fwp%2Fv2%2Fmedia&parent=422"}],"curies":[{"name":"wp","href":"https:\/\/api.w.org\/{rel}","templated":true}]}}