{"id":423,"date":"2022-04-07T10:00:34","date_gmt":"2022-04-07T10:00:34","guid":{"rendered":"https:\/\/www.myGuitarARTcollection.ch\/?page_id=423"},"modified":"2023-12-20T19:24:24","modified_gmt":"2023-12-20T19:24:24","slug":"rechtliche-hinweise","status":"publish","type":"page","link":"https:\/\/www.myGuitarART.ch\/?page_id=423","title":{"rendered":"Rechtliche Hinweise"},"content":{"rendered":"\n<div class=\"wp-block-cover alignfull is-light has-nv-dark-bg-color has-text-color has-link-color wp-elements-125490d69ce63819a78a4d844d541fa4\" style=\"min-height:700px;aspect-ratio:unset;\"><span aria-hidden=\"true\" class=\"wp-block-cover__background has-background-dim-100 has-background-dim\" style=\"background-color:#998445\"><\/span><div class=\"wp-block-cover__inner-container is-layout-flow wp-block-cover-is-layout-flow\">\n<div style=\"height:80px\" aria-hidden=\"true\" class=\"wp-block-spacer\"><\/div>\n\n\n\n<h1 class=\"wp-block-heading has-text-align-center\">myGuitarART<\/h1>\n\n\n\n<h2 class=\"wp-block-heading has-text-align-center\">Rechtliche Hinweise<\/h2>\n\n\n\n<p class=\"has-text-align-center\">Der Schutz der Urheberrechte und Lizenzrechte sind mir ein wichtiges Anliegen.<\/p>\n\n\n\n<div style=\"height:80px\" aria-hidden=\"true\" class=\"wp-block-spacer\"><\/div>\n\n\n\n<div style=\"height:80px\" aria-hidden=\"true\" class=\"wp-block-spacer\"><\/div>\n<\/div><\/div>\n\n\n\n<div style=\"height:100px\" aria-hidden=\"true\" class=\"wp-block-spacer\"><\/div>\n\n\n\n<h2 class=\"wp-block-heading\">Einleitung<\/h2>\n\n\n\n<p>Gerade weil ich mich gerne von anderen und anderem inspirieren lasse und damit spiele, Bekanntes zu Neuen zu kombinieren und dieses dann thematisch in einen neuen Kontext zu stellen, ist es mir wichtig, vorg\u00e4ngig abzukl\u00e4ren, ob und wenn ja, in welcher Form Rechte bestehen, die ich mit meinen Aktivit\u00e4ten tangieren k\u00f6nnte. Ist das nicht sicher zu kl\u00e4ren, verzichte entweder ganz auf die Realisierung oder gestalte die Idee so, dass es schlussendlich nur inspiriert ist und im Wesentlichem deutlich sichtbar vom Original abweicht. Dies betrifft nicht nur das Objekt selbst, sondern auch deren Bezeichnung und Beschreibung und somit die gesamte Kommunikation im Zusammenhang mit dem Objekt.<\/p>\n\n\n\n<h2 class=\"wp-block-heading\">Urheberrechte anderer<\/h2>\n\n\n\n<p>Urheberrechte anderer werden von mir vollumf\u00e4nglich respektiert und wenn immer m\u00f6glich hole ich notwendige Genehmigungen ein. Kann ich die Urheberrechte nicht kl\u00e4ren, verzichte ich auf die Realisierung resp. \u00fcbernehme nur inspirierende Elemente, die in der Gesamtheit des neuen Objektes keine Kopie des Originals darstellen.<\/p>\n\n\n\n<h2 class=\"wp-block-heading\">Lizenzrechte anderer<\/h2>\n\n\n\n<p>Lizenzrechte anderer werden von mir vollumf\u00e4nglich respektiert. Da Lizenzrechte i.d.R. klar kommuniziert werden, ist es einfach, diese zu kl\u00e4ren und entsprechend einzuhalten. Wenn ich auf meiner Webseite Lizenz gesch\u00fctzte Namen und Bilder nutze, dann sind deren Quellen resp. Kopier- und Markenrechte gem\u00e4ss den Forderungen des Lizenzgebers entsprechend deklariert.<\/p>\n\n\n\n<h2 class=\"wp-block-heading\">Rechte auf meine Arbeiten<\/h2>\n\n\n\n<p>Grunds\u00e4tzlich erhebe ich keine Rechte auf meine Arbeiten, so lange sie nicht kommerziell genutzt werden und mit der Quellenangabe versehen sind. <em>Quelle: www.myGuitarARTcollection.ch<\/em><br><br>Generell empfehle ich, mich vorg\u00e4ngig anzufragen, dann sind wir auf der sicheren Seite.<\/p>\n\n\n\n<h2 class=\"wp-block-heading\">Schlussfolgerungen<\/h2>\n\n\n\n<p>Urheberrechte und Lizenzrechte sind Teil unserer Rechtsordnung und jeder, der f\u00fcr Freiheit, Demokratie und Rechtsstaatlichkeit eintritt sollte diese Rechte respektieren.<br><br>Bei Unklarheiten lieber mal fragen. Das betrifft selbstverst\u00e4ndlich auch mich. Sollte ich unbewusst gegen diese Rechte vorstossen, w\u00e4re ich sehr froh um entsprechende Informationen und werde umgehend das zu recht angefochtene Objekt entfernen resp. entsprechend Anpassen.<\/p>\n\n\n\n<div style=\"height:50px\" aria-hidden=\"true\" class=\"wp-block-spacer\"><\/div>\n\n\n\n<div class=\"wp-block-buttons is-layout-flex wp-block-buttons-is-layout-flex\">\n<div class=\"wp-block-button is-style-primary\"><a class=\"wp-block-button__link wp-element-button\" href=\"https:\/\/www.myguitarart.ch\/?page_id=75\">Frag mich<\/a><\/div>\n<\/div>\n\n\n\n<div style=\"height:100px\" aria-hidden=\"true\" class=\"wp-block-spacer\"><\/div>\n","protected":false},"excerpt":{"rendered":"<p>Einleitung Gerade weil ich mich gerne von anderen und anderem inspirieren lasse und damit spiele, Bekanntes zu Neuen zu kombinieren und dieses dann thematisch in einen neuen Kontext zu stellen, ist es mir wichtig, vorg\u00e4ngig abzukl\u00e4ren, ob und wenn ja, in welcher Form Rechte bestehen, die ich mit meinen Aktivit\u00e4ten tangieren k\u00f6nnte. Ist das nicht&hellip;&nbsp;<a href=\"https:\/\/www.myGuitarART.ch\/?page_id=423\" rel=\"bookmark\">Weiterlesen &raquo;<span class=\"screen-reader-text\">Rechtliche Hinweise<\/span><\/a><\/p>\n","protected":false},"author":1,"featured_media":0,"parent":0,"menu_order":0,"comment_status":"closed","ping_status":"closed","template":"","meta":{"neve_meta_sidebar":"","neve_meta_container":"","neve_meta_enable_content_width":"","neve_meta_content_width":0,"neve_meta_title_alignment":"","neve_meta_author_avatar":"","neve_post_elements_order":"","neve_meta_disable_header":"","neve_meta_disable_footer":"","neve_meta_disable_title":"on","footnotes":""},"class_list":["post-423","page","type-page","status-publish","hentry"],"_links":{"self":[{"href":"https:\/\/www.myGuitarART.ch\/index.php?rest_route=\/wp\/v2\/pages\/423","targetHints":{"allow":["GET"]}}],"collection":[{"href":"https:\/\/www.myGuitarART.ch\/index.php?rest_route=\/wp\/v2\/pages"}],"about":[{"href":"https:\/\/www.myGuitarART.ch\/index.php?rest_route=\/wp\/v2\/types\/page"}],"author":[{"embeddable":true,"href":"https:\/\/www.myGuitarART.ch\/index.php?rest_route=\/wp\/v2\/users\/1"}],"replies":[{"embeddable":true,"href":"https:\/\/www.myGuitarART.ch\/index.php?rest_route=%2Fwp%2Fv2%2Fcomments&post=423"}],"version-history":[{"count":18,"href":"https:\/\/www.myGuitarART.ch\/index.php?rest_route=\/wp\/v2\/pages\/423\/revisions"}],"predecessor-version":[{"id":2100,"href":"https:\/\/www.myGuitarART.ch\/index.php?rest_route=\/wp\/v2\/pages\/423\/revisions\/2100"}],"wp:attachment":[{"href":"https:\/\/www.myGuitarART.ch\/index.php?rest_route=%2Fwp%2Fv2%2Fmedia&parent=423"}],"curies":[{"name":"wp","href":"https:\/\/api.w.org\/{rel}","templated":true}]}}