{"id":599,"date":"2022-04-07T10:00:37","date_gmt":"2022-04-07T10:00:37","guid":{"rendered":"https:\/\/www.myGuitarARTcollection.ch\/?page_id=599"},"modified":"2023-12-20T15:23:34","modified_gmt":"2023-12-20T15:23:34","slug":"wie-alles-begann","status":"publish","type":"page","link":"https:\/\/www.myGuitarART.ch\/?page_id=599","title":{"rendered":"Wie alles begann"},"content":{"rendered":"\n<div class=\"wp-block-cover alignfull\" style=\"min-height:700px;aspect-ratio:unset;\"><span aria-hidden=\"true\" class=\"wp-block-cover__background has-nv-light-bg-background-color has-background-dim-40 has-background-dim\"><\/span><img loading=\"lazy\" decoding=\"async\" width=\"1170\" height=\"548\" class=\"wp-block-cover__image-background wp-image-1321\" alt=\"\" src=\"http:\/\/www.myGuitarART.ch\/wp-content\/uploads\/2022\/04\/00053-e1650477693560.png\" data-object-fit=\"cover\"\/><div class=\"wp-block-cover__inner-container is-layout-flow wp-block-cover-is-layout-flow\">\n<div style=\"height:80px\" aria-hidden=\"true\" class=\"wp-block-spacer\"><\/div>\n\n\n\n<h1 class=\"wp-block-heading has-text-align-center has-text-color\" style=\"color:#d3ca93\">myGuitarART<\/h1>\n\n\n\n<h2 class=\"wp-block-heading has-text-align-center has-text-color\" style=\"color:#d3ca93\">Wie alles begann<\/h2>\n\n\n\n<p class=\"has-text-align-center has-text-color\" style=\"color:#d3ca93\">Aus Begeisterung wurde Inspiration, aus Inspiration eine Idee.<\/p>\n\n\n\n<div style=\"height:80px\" aria-hidden=\"true\" class=\"wp-block-spacer\"><\/div>\n\n\n\n<div style=\"height:80px\" aria-hidden=\"true\" class=\"wp-block-spacer\"><\/div>\n<\/div><\/div>\n\n\n\n<div class=\"wp-block-columns alignfull is-layout-flex wp-container-core-columns-is-layout-9d6595d7 wp-block-columns-is-layout-flex\">\n<div class=\"wp-block-column is-layout-flow wp-block-column-is-layout-flow\" style=\"flex-basis:100%\">\n<div style=\"height:80px\" aria-hidden=\"true\" class=\"wp-block-spacer\"><\/div>\n<\/div>\n<\/div>\n\n\n\n<h2 class=\"wp-block-heading\">Am Anfang stand Begeisterung und dann &#8230;<\/h2>\n\n\n\n<p>&#8230; folgte grosse Entt\u00e4uschung.<br><br>Als ich im Herbst 2020 das erste Mal die &#8222;Fender\u00ae Limited Edition George Harrison Rocky Strat\u00ae&#8220; sah, sagte ich mir innerlich &#8222;DIE musst du haben&#8220;. Als ich dann den Preis sah, wusste ich, dass das f\u00fcr mich nur Wunschdenken sein konnte. Und dieses Los teile ich wohl mit ganz vielen Fans von George Harrison und The Beatles.<\/p>\n\n\n\n<p>Statt dieses zu akzeptieren, suchte ich nach Wegen, doch noch meinen Wunsch zu realisieren. Zuerst war die Idee, mich von allen Gitarren zu trennen, die ich zu der Zeit besass und das waren ja doch einige. Aber leider auch mehrheitlich g\u00fcnstige, um nicht zu sagen billige, so dass ich mit deren Verkauf nicht einmal ein F\u00fcnftel h\u00e4tte vereinnahmen k\u00f6nnen. So wurde mir die Dimension des Preises, immerhin 25&#8217;000.00 $ exkl. Mehrwertsteuer, denn auch erst mit dieser Idee richtig bewusst.<\/p>\n\n\n\n<p>Nun erinnerte ich mich an alte Leidenschaften und F\u00e4higkeiten, die ich schon seit Jahrzehnten vernachl\u00e4ssigt hatte und so begann die Reise.<\/p>\n\n\n\n<p>Zuerst wagte ich mich an einen Prototyp, basierend auf einer Squier Bullet Stratocaster in Artic White. Mir war die Farbe und die Details, die eine Fender Stratocaster 61&#8242; ausmachten egal, mich interessierte ja nur die Bemalung und die versuchte ich so nah wie m\u00f6glich am Original nachzuvollziehen. Als Grundlage diente mir ein Foto in einem Buch, welches sich mit dem Sound der Beatles besch\u00e4ftigt. \u00dcbrigens sehr empfehlenswert. N\u00e4heres findet sich unter &#8222;Tipps zum Selbermachen&#8220;.<\/p>\n\n\n\n<p>Ich trieb die fluorisierende Farbe und sogar den richtigen Nagellack auf, um diesbez\u00fcglich die Grundlage f\u00fcr eine m\u00f6glichst authentische Nachbildung zu verschaffen. Und per Zufall wurde im Web auch f\u00fcndig, was das Decal &#8222;GRIMWOODS&#8220; betraf.<\/p>\n\n\n\n<p>Bei der Realisierung kam ich immer wieder an Grenzen und musste h\u00e4ufig recherchieren und ausprobieren, bis mir die verschiedenen Arbeitsschritte gelangen. Sehr viel Aufwand und Lehrgeld, aber schlussendlich auch sehr viel Erfahrung und neues Wissen. Der Prototyp legte den Grundstein f\u00fcr meine Sammlung und angenehme Erinnerungen an die Zeit der Erstellung kommen auf, wenn ich ihn anschaue.<\/p>\n\n\n\n<p>Ich hatte den Prototyp w\u00e4hrend einigen Wochen in einer Gitarrenschule ausstellen d\u00fcrfen. Ich wollte herausfinden, wie das Interesse an einer solchen &#8222;ROCKY&#8220; ist. Das durchaus positive Echo motivierte mich, nicht nur ein neues und dieses Mal gutes Exemplar zu fertigen, sondern gleich 10 St\u00fcck. Alle wieder auf Basis der Squier Bullet und in erster Linie f\u00fcr Liebhaber, die dann &#8222;ihre ROCKY&#8220; prim\u00e4r anschauen und nicht spielen wollen. Ich wollte meine Freude an meiner &#8222;ROCKY&#8220; mit anderen Teilen und so entstand die Idee von &#8222;Let&#8217;s Share \/ ROCKY&#8220;. Diese baute ich dann weiter aus und verfolgte das Ziel, im Laufe aller Prozessschritte m\u00f6glichst oft und viel zu teilen. Sei es bei er Beschaffung, der Produktion (Arbeit teilen) oder beim Verkauf (Gewinn teilen, im konkreten Fall mit dem George Harrison Fund For UNICEF). Damit bekam das Projekt eine ganz neue Dimension und erlebte eine &#8222;Professionalisierung&#8220;, bei der all meine Erfahrungen und all mein Wissen aus mehr 45 Berufsjahren anwenden konnte.<\/p>\n\n\n\n<p>Dazu geh\u00f6rt auch das Wissen \u00fcber Urheberrechte und Lizenzrechte. Und daher wollte ich das Projekt &#8222;Let&#8217;s Share \/ ROCKY&#8220; auch nicht realisieren, ohne das Goodwill der Familie Harrison zu haben. Leider war es mir nicht gelungen, Kontakt zu ihnen und somit das Goodwill zu bekommen. Ich habe daher das Projekt im M\u00e4rz 2022 eingestellt.<\/p>\n\n\n\n<p>Mit myGuitaART f\u00fchre ich die kreativen Projekte jetzt weiter und alle &#8222;Let&#8217;s Share \/ ROCKY&#8220; Objekte finden sich in meiner Sammlung wieder.<\/p>\n\n\n\n<p>Wer weiss, vielleicht ergeben sich ja noch Optionen, die Idee von &#8222;Let&#8217;s Share \/&#8220; wieder aufzunehmen. Die Hoffnung bleibt und die Objekte sowieso.<\/p>\n\n\n\n<p>volwig | April 2022<\/p>\n\n\n\n<div style=\"height:50px\" aria-hidden=\"true\" class=\"wp-block-spacer\"><\/div>\n\n\n\n<div class=\"wp-block-buttons is-layout-flex wp-block-buttons-is-layout-flex\">\n<div class=\"wp-block-button is-style-primary\"><a class=\"wp-block-button__link wp-element-button\" href=\"https:\/\/www.myguitarart.ch\/?page_id=75\">Frag mich<\/a><\/div>\n<\/div>\n\n\n\n<div style=\"height:40px\" aria-hidden=\"true\" class=\"wp-block-spacer\"><\/div>\n\n\n\n<div class=\"wp-block-buttons is-content-justification-center is-layout-flex wp-container-core-buttons-is-layout-16018d1d wp-block-buttons-is-layout-flex\">\n<div class=\"wp-block-button is-style-primary\"><a class=\"wp-block-button__link wp-element-button\" href=\"https:\/\/www.myguitarart.ch\/?page_id=599\">Nach Oben<\/a><\/div>\n<\/div>\n\n\n\n<div style=\"height:100px\" aria-hidden=\"true\" class=\"wp-block-spacer\"><\/div>\n","protected":false},"excerpt":{"rendered":"<p>Am Anfang stand Begeisterung und dann &#8230; &#8230; folgte grosse Entt\u00e4uschung. Als ich im Herbst 2020 das erste Mal die &#8222;Fender\u00ae Limited Edition George Harrison Rocky Strat\u00ae&#8220; sah, sagte ich mir innerlich &#8222;DIE musst du haben&#8220;. Als ich dann den Preis sah, wusste ich, dass das f\u00fcr mich nur Wunschdenken sein konnte. Und dieses Los&hellip;&nbsp;<a href=\"https:\/\/www.myGuitarART.ch\/?page_id=599\" rel=\"bookmark\">Weiterlesen &raquo;<span class=\"screen-reader-text\">Wie alles begann<\/span><\/a><\/p>\n","protected":false},"author":1,"featured_media":0,"parent":0,"menu_order":0,"comment_status":"closed","ping_status":"closed","template":"","meta":{"neve_meta_sidebar":"","neve_meta_container":"default","neve_meta_enable_content_width":"","neve_meta_content_width":0,"neve_meta_title_alignment":"","neve_meta_author_avatar":"","neve_post_elements_order":"","neve_meta_disable_header":"","neve_meta_disable_footer":"","neve_meta_disable_title":"on","footnotes":""},"class_list":["post-599","page","type-page","status-publish","hentry"],"_links":{"self":[{"href":"https:\/\/www.myGuitarART.ch\/index.php?rest_route=\/wp\/v2\/pages\/599","targetHints":{"allow":["GET"]}}],"collection":[{"href":"https:\/\/www.myGuitarART.ch\/index.php?rest_route=\/wp\/v2\/pages"}],"about":[{"href":"https:\/\/www.myGuitarART.ch\/index.php?rest_route=\/wp\/v2\/types\/page"}],"author":[{"embeddable":true,"href":"https:\/\/www.myGuitarART.ch\/index.php?rest_route=\/wp\/v2\/users\/1"}],"replies":[{"embeddable":true,"href":"https:\/\/www.myGuitarART.ch\/index.php?rest_route=%2Fwp%2Fv2%2Fcomments&post=599"}],"version-history":[{"count":25,"href":"https:\/\/www.myGuitarART.ch\/index.php?rest_route=\/wp\/v2\/pages\/599\/revisions"}],"predecessor-version":[{"id":2059,"href":"https:\/\/www.myGuitarART.ch\/index.php?rest_route=\/wp\/v2\/pages\/599\/revisions\/2059"}],"wp:attachment":[{"href":"https:\/\/www.myGuitarART.ch\/index.php?rest_route=%2Fwp%2Fv2%2Fmedia&parent=599"}],"curies":[{"name":"wp","href":"https:\/\/api.w.org\/{rel}","templated":true}]}}