{"id":61,"date":"2022-04-07T10:00:52","date_gmt":"2022-04-07T10:00:52","guid":{"rendered":"https:\/\/demosites.io\/web-agency-gb\/?page_id=61"},"modified":"2023-12-20T19:02:24","modified_gmt":"2023-12-20T19:02:24","slug":"sammlung","status":"publish","type":"page","link":"https:\/\/www.myGuitarART.ch\/?page_id=61","title":{"rendered":"Sammlung"},"content":{"rendered":"\n<div class=\"wp-block-cover alignfull is-light\" style=\"min-height:700px;aspect-ratio:unset;\"><span aria-hidden=\"true\" class=\"wp-block-cover__background has-nv-dark-bg-background-color has-background-dim-0 has-background-dim\"><\/span><img loading=\"lazy\" decoding=\"async\" width=\"1170\" height=\"878\" class=\"wp-block-cover__image-background wp-image-1293\" alt=\"\" src=\"http:\/\/www.myGuitarART.ch\/wp-content\/uploads\/2022\/04\/00037-e1650477751903.png\" data-object-fit=\"cover\"\/><div class=\"wp-block-cover__inner-container is-layout-flow wp-block-cover-is-layout-flow\">\n<div class=\"wp-block-group\"><div class=\"wp-block-group__inner-container is-layout-flow wp-block-group-is-layout-flow\">\n<div style=\"height:80px\" aria-hidden=\"true\" class=\"wp-block-spacer\"><\/div>\n\n\n\n<h1 class=\"wp-block-heading has-text-align-center has-neve-link-color-color has-text-color\">myGuitarART<\/h1>\n\n\n\n<h2 class=\"wp-block-heading has-text-align-center has-neve-link-color-color has-text-color\">Sammlung<\/h2>\n\n\n\n<p class=\"has-text-align-center has-neve-link-color-color has-text-color\">Herzlich willkommen und viel Spass beim Rumst\u00f6bern.<\/p>\n<\/div><\/div>\n\n\n\n<div style=\"height:80px\" aria-hidden=\"true\" class=\"wp-block-spacer\"><\/div>\n\n\n\n<div style=\"height:80px\" aria-hidden=\"true\" class=\"wp-block-spacer\"><\/div>\n<\/div><\/div>\n\n\n\n<div style=\"height:100px\" aria-hidden=\"true\" class=\"wp-block-spacer\"><\/div>\n\n\n\n<blockquote class=\"wp-block-quote is-layout-flow wp-block-quote-is-layout-flow\">\n<p>I ME MINE<\/p>\n\n\n\n<p>ICH habe MIR MEINE vielen Gitarren zu einer Sammlung zusammengestellt, der myGuitarART Collection. Zu sehen hier und vielleicht mal anders Wanderausstellung, sofern sich Interessenten finden.<\/p>\n<cite>volwig<\/cite><\/blockquote>\n\n\n\n<div style=\"height:80px\" aria-hidden=\"true\" class=\"wp-block-spacer\"><\/div>\n\n\n\n<div class=\"wp-block-cover alignfull\" style=\"min-height:600px;aspect-ratio:unset;\"><span aria-hidden=\"true\" class=\"wp-block-cover__background has-nv-light-bg-background-color has-background-dim-100 has-background-dim\"><\/span><div class=\"wp-block-cover__inner-container is-layout-flow wp-block-cover-is-layout-flow\">\n<div class=\"wp-block-group\"><div class=\"wp-block-group__inner-container is-layout-flow wp-block-group-is-layout-flow\">\n<div style=\"height:80px\" aria-hidden=\"true\" class=\"wp-block-spacer\"><\/div>\n\n\n\n<div class=\"wp-block-columns are-vertically-aligned-center is-layout-flex wp-container-core-columns-is-layout-9d6595d7 wp-block-columns-is-layout-flex\">\n<div class=\"wp-block-column is-vertically-aligned-center is-layout-flow wp-block-column-is-layout-flow\" style=\"flex-basis:50%\">\n<figure class=\"wp-block-image size-large\"><img loading=\"lazy\" decoding=\"async\" width=\"1024\" height=\"768\" src=\"http:\/\/www.myGuitarART.ch\/wp-content\/uploads\/2022\/04\/00010-1024x768.png\" alt=\"\" class=\"wp-image-1295\" srcset=\"https:\/\/www.myGuitarART.ch\/wp-content\/uploads\/2022\/04\/00010-1024x768.png 1024w, https:\/\/www.myGuitarART.ch\/wp-content\/uploads\/2022\/04\/00010-300x225.png 300w, https:\/\/www.myGuitarART.ch\/wp-content\/uploads\/2022\/04\/00010-768x576.png 768w, https:\/\/www.myGuitarART.ch\/wp-content\/uploads\/2022\/04\/00010.png 1080w\" sizes=\"auto, (max-width: 1024px) 100vw, 1024px\" \/><\/figure>\n<\/div>\n\n\n\n<div class=\"wp-block-column is-vertically-aligned-center is-layout-flow wp-block-column-is-layout-flow\" style=\"flex-basis:50%\">\n<h2 class=\"wp-block-heading has-neve-text-color-color has-text-color\">Meine Sammlung<\/h2>\n\n\n\n<p class=\"has-neve-text-color-color has-text-color\">Collectors Choice, welcher Liebhaber von E-Gitarren kennt nicht diese Serie legend\u00e4rer Gitarren aus dem Custom Shop des Herstellers GIBSON\u00ae. Die ebenso schon legend\u00e4re CC#001, die &#8222;Peter Green&#8220;, wie sie insgeheim genannt wurde, war mal mein Eigen. Und wie immer hatte ich sie eines Tages wieder verkauft. Ich h\u00e4tte es bleiben lassen sollen, denn heute wird sie zum 3-4-fachem Wert gehandelt.<\/p>\n\n\n\n<p class=\"has-neve-text-color-color has-text-color\">Den Kern meiner heutigen Sammlung machen die Selbstbemalten aus, erg\u00e4nzt von verschiedenen, original belassenen, mehrheitlich historischen Modellen.<br><br>Heute bleibt der Verkauf eines dieser Exemplare die Ausnahme und erfolgt nur, wenn ich Platz brauche f\u00fcr neue Projekte oder ich sie einsetze f\u00fcr karitative Zwecke. Daher sind Anfragen betreffend Interesse am Kauf eines Exemplars immer gerne gesehen.<\/p>\n\n\n\n<div class=\"wp-block-buttons is-layout-flex wp-block-buttons-is-layout-flex\">\n<div class=\"wp-block-button is-style-primary\"><a class=\"wp-block-button__link wp-element-button\" href=\"https:\/\/www.myguitarart.ch\/?page_id=75\">Frag mich<\/a><\/div>\n<\/div>\n<\/div>\n<\/div>\n\n\n\n<div style=\"height:40px\" aria-hidden=\"true\" class=\"wp-block-spacer\"><\/div>\n<\/div><\/div>\n<\/div><\/div>\n\n\n\n<div class=\"wp-block-cover alignfull\" style=\"min-height:600px;aspect-ratio:unset;\"><span aria-hidden=\"true\" class=\"wp-block-cover__background has-background-dim-100 has-background-dim\" style=\"background-color:#263a1e\"><\/span><div class=\"wp-block-cover__inner-container is-layout-flow wp-block-cover-is-layout-flow\">\n<div class=\"wp-block-group\"><div class=\"wp-block-group__inner-container is-layout-flow wp-block-group-is-layout-flow\">\n<div style=\"height:80px\" aria-hidden=\"true\" class=\"wp-block-spacer\"><\/div>\n\n\n\n<div class=\"wp-block-columns are-vertically-aligned-center is-layout-flex wp-container-core-columns-is-layout-9d6595d7 wp-block-columns-is-layout-flex\">\n<div class=\"wp-block-column is-vertically-aligned-center is-layout-flow wp-block-column-is-layout-flow\" style=\"flex-basis:50%\">\n<h2 class=\"wp-block-heading has-neve-link-color-color has-text-color\">ausstellungen<\/h2>\n\n\n\n<p class=\"has-neve-link-color-color has-text-color\">Meine Mietwohnung eignet sich nicht als \u00f6ffentliche Ausstellung, was ich sehr bedaure, w\u00fcrde ich meine Freude an der Sammlung nur zu gerne teilen.<br><br>Ich bin daher immer auf der Suche, meine Sammlung oder Teile davon \u00f6ffentlich auszustellen. Einzige Voraussetzung ist ein w\u00fcrdiges Umfeld und ein nicht prim\u00e4r kommerzieller Zweck.<br><br>Ausstellungsprojekte, die einen Erl\u00f6s f\u00fcr einen karitatives Zweck verfolgen bekommen daher Priorit\u00e4t.<br><br>Grunds\u00e4tzlich stelle ich die Exponate kostenlos zur Verf\u00fcgung, Transport, Versicherung und sonstige Ausstellungskosten sind Sache der Verhandlung. Anfragen sind immer willkommen und unverbindlich.<\/p>\n\n\n\n<div style=\"height:20px\" aria-hidden=\"true\" class=\"wp-block-spacer\"><\/div>\n\n\n\n<div class=\"wp-block-buttons is-layout-flex wp-block-buttons-is-layout-flex\">\n<div class=\"wp-block-button is-style-primary\"><a class=\"wp-block-button__link wp-element-button\" href=\"https:\/\/www.myguitarart.ch\/?page_id=75\">Frag mich<\/a><\/div>\n<\/div>\n\n\n\n<div style=\"height:20px\" aria-hidden=\"true\" class=\"wp-block-spacer\"><\/div>\n<\/div>\n\n\n\n<div class=\"wp-block-column is-vertically-aligned-center is-layout-flow wp-block-column-is-layout-flow\" style=\"flex-basis:50%\">\n<figure class=\"wp-block-image size-large\"><img loading=\"lazy\" decoding=\"async\" width=\"811\" height=\"1024\" src=\"http:\/\/www.myGuitarART.ch\/wp-content\/uploads\/2022\/04\/00019-811x1024.png\" alt=\"\" class=\"wp-image-1296\"\/><\/figure>\n<\/div>\n<\/div>\n\n\n\n<div style=\"height:40px\" aria-hidden=\"true\" class=\"wp-block-spacer\"><\/div>\n<\/div><\/div>\n<\/div><\/div>\n\n\n\n<div class=\"wp-block-cover alignfull\" style=\"min-height:420px;aspect-ratio:unset;\"><span aria-hidden=\"true\" class=\"wp-block-cover__background has-nv-site-bg-background-color has-background-dim-100 has-background-dim\"><\/span><div class=\"wp-block-cover__inner-container is-layout-flow wp-block-cover-is-layout-flow\">\n<div style=\"height:80px\" aria-hidden=\"true\" class=\"wp-block-spacer\"><\/div>\n\n\n\n<h2 class=\"wp-block-heading has-neve-text-color-color has-text-color\">Let&#8217;s Share \/ ROCKY&#8220;<\/h2>\n\n\n\n<p class=\"has-neve-text-color-color has-text-color\">Das von mir inzwischen eingestellte Projekt &#8222;Let&#8217;s Share \/ ROCKY&#8220; hat eine Menge Erfahrungen und Wissen gebracht und eine Vielzahl von Objekten hinterlassen. Zum Beispiel die folgenden Sticker, die als Aufdruck f\u00fcr T-Shirts gedacht waren. Es sind am Computer erstellte Zeichnungen der Bemalung der &#8222;ROCKY&#8220;, die im \u00dcbrigen auch als Vorlage resp. Schablonen zur Handbemalung dienten.<\/p>\n\n\n\n<p class=\"has-neve-text-color-color has-text-color\">Gut m\u00f6glich, dass ich solche Objekte mal f\u00fcr eine karitative Aktion, wie die YO-YO Aktion nutze.<\/p>\n\n\n\n<div style=\"height:80px\" aria-hidden=\"true\" class=\"wp-block-spacer\"><\/div>\n\n\n\n<div class=\"wp-block-columns is-layout-flex wp-container-core-columns-is-layout-9d6595d7 wp-block-columns-is-layout-flex\">\n<div class=\"wp-block-column ticss-4ce656f1 is-layout-flow wp-block-column-is-layout-flow\"><div class=\"wp-block-image icon-style is-style-default\">\n<figure class=\"aligncenter size-large\"><img loading=\"lazy\" decoding=\"async\" width=\"1024\" height=\"1024\" src=\"https:\/\/www.myGuitarART.ch\/wp-content\/uploads\/2023\/12\/00045g-1024x1024.png\" alt=\"\" class=\"wp-image-2085\" srcset=\"https:\/\/www.myGuitarART.ch\/wp-content\/uploads\/2023\/12\/00045g-1024x1024.png 1024w, https:\/\/www.myGuitarART.ch\/wp-content\/uploads\/2023\/12\/00045g-300x300.png 300w, https:\/\/www.myGuitarART.ch\/wp-content\/uploads\/2023\/12\/00045g-150x150.png 150w, https:\/\/www.myGuitarART.ch\/wp-content\/uploads\/2023\/12\/00045g-768x768.png 768w, https:\/\/www.myGuitarART.ch\/wp-content\/uploads\/2023\/12\/00045g-1536x1536.png 1536w, https:\/\/www.myGuitarART.ch\/wp-content\/uploads\/2023\/12\/00045g-2048x2048.png 2048w\" sizes=\"auto, (max-width: 1024px) 100vw, 1024px\" \/><\/figure>\n<\/div>\n\n\n<div style=\"height:20px\" aria-hidden=\"true\" class=\"wp-block-spacer\"><\/div>\n\n\n\n<h3 class=\"wp-block-heading has-text-align-center has-neve-text-color-color has-text-color\">#01<\/h3>\n\n\n\n<p class=\"has-text-align-center has-neve-text-color-color has-text-color\" style=\"font-size:15px\">Zeigt nur die Bemalung des Bodies und des Pickguard.<\/p>\n\n\n\n<div style=\"height:20px\" aria-hidden=\"true\" class=\"wp-block-spacer\"><\/div>\n<\/div>\n\n\n\n<div class=\"wp-block-column ticss-f6fc7494 is-layout-flow wp-block-column-is-layout-flow\"><div class=\"wp-block-image icon-style is-style-default\">\n<figure class=\"aligncenter size-large\"><img loading=\"lazy\" decoding=\"async\" width=\"1024\" height=\"1024\" src=\"https:\/\/www.myGuitarART.ch\/wp-content\/uploads\/2023\/12\/00047g-1024x1024.png\" alt=\"\" class=\"wp-image-2086\" srcset=\"https:\/\/www.myGuitarART.ch\/wp-content\/uploads\/2023\/12\/00047g-1024x1024.png 1024w, https:\/\/www.myGuitarART.ch\/wp-content\/uploads\/2023\/12\/00047g-300x300.png 300w, https:\/\/www.myGuitarART.ch\/wp-content\/uploads\/2023\/12\/00047g-150x150.png 150w, https:\/\/www.myGuitarART.ch\/wp-content\/uploads\/2023\/12\/00047g-768x768.png 768w, https:\/\/www.myGuitarART.ch\/wp-content\/uploads\/2023\/12\/00047g-1536x1536.png 1536w, https:\/\/www.myGuitarART.ch\/wp-content\/uploads\/2023\/12\/00047g-2048x2048.png 2048w\" sizes=\"auto, (max-width: 1024px) 100vw, 1024px\" \/><\/figure>\n<\/div>\n\n\n<div style=\"height:20px\" aria-hidden=\"true\" class=\"wp-block-spacer\"><\/div>\n\n\n\n<h3 class=\"wp-block-heading has-text-align-center has-neve-text-color-color has-text-color\">#02<\/h3>\n\n\n\n<p class=\"has-text-align-center has-neve-text-color-color has-text-color\" style=\"font-size:15px\">Die &#8222;ROCKY&#8220; komplett gezeichnet.<\/p>\n\n\n\n<div style=\"height:20px\" aria-hidden=\"true\" class=\"wp-block-spacer\"><\/div>\n<\/div>\n\n\n\n<div class=\"wp-block-column ticss-a5b4df29 is-layout-flow wp-block-column-is-layout-flow\"><div class=\"wp-block-image icon-style is-style-default\">\n<figure class=\"aligncenter size-large\"><img loading=\"lazy\" decoding=\"async\" width=\"1024\" height=\"1024\" src=\"https:\/\/www.myGuitarART.ch\/wp-content\/uploads\/2023\/12\/00046g-1024x1024.png\" alt=\"\" class=\"wp-image-2087\" srcset=\"https:\/\/www.myGuitarART.ch\/wp-content\/uploads\/2023\/12\/00046g-1024x1024.png 1024w, https:\/\/www.myGuitarART.ch\/wp-content\/uploads\/2023\/12\/00046g-300x300.png 300w, https:\/\/www.myGuitarART.ch\/wp-content\/uploads\/2023\/12\/00046g-150x150.png 150w, https:\/\/www.myGuitarART.ch\/wp-content\/uploads\/2023\/12\/00046g-768x768.png 768w, https:\/\/www.myGuitarART.ch\/wp-content\/uploads\/2023\/12\/00046g-1536x1536.png 1536w, https:\/\/www.myGuitarART.ch\/wp-content\/uploads\/2023\/12\/00046g-2048x2048.png 2048w\" sizes=\"auto, (max-width: 1024px) 100vw, 1024px\" \/><\/figure>\n<\/div>\n\n\n<div style=\"height:20px\" aria-hidden=\"true\" class=\"wp-block-spacer\"><\/div>\n\n\n\n<h3 class=\"wp-block-heading has-text-align-center has-neve-text-color-color has-text-color\">#03<\/h3>\n\n\n\n<p class=\"has-text-align-center has-neve-text-color-color has-text-color\" style=\"font-size:15px\">Die Bemalung selektiert.<\/p>\n\n\n\n<div style=\"height:20px\" aria-hidden=\"true\" class=\"wp-block-spacer\"><\/div>\n<\/div>\n<\/div>\n\n\n\n<div style=\"height:30px\" aria-hidden=\"true\" class=\"wp-block-spacer\"><\/div>\n<\/div><\/div>\n\n\n\n<div class=\"wp-block-cover alignfull\" style=\"min-height:600px;aspect-ratio:unset;\"><span aria-hidden=\"true\" class=\"wp-block-cover__background has-background-dim-100 has-background-dim\" style=\"background-color:#7a672f\"><\/span><div class=\"wp-block-cover__inner-container is-layout-flow wp-block-cover-is-layout-flow\">\n<div class=\"wp-block-group\"><div class=\"wp-block-group__inner-container is-layout-flow wp-block-group-is-layout-flow\">\n<div style=\"height:80px\" aria-hidden=\"true\" class=\"wp-block-spacer\"><\/div>\n\n\n\n<h2 class=\"wp-block-heading has-neve-link-color-color has-text-color has-link-color wp-elements-fda3c0445587f1683952f38be6c60598\">Meine aktuellen Kollektionen<\/h2>\n\n\n\n<p class=\"has-neve-link-color-color has-text-color has-link-color wp-elements-d7ffb94039dc858e52f66e10408095e1\">HINWEIS: Die Links &#8222;Mehr &#8230;&#8220; f\u00fchren zurzeit noch ins Leere, da der Inhalt noch fehlt. Da der Inhalt umfassend ist, ben\u00f6tige ich noch einige Zeit. Danke f\u00fcr eure Geduld und euer Verst\u00e4ndnis.<\/p>\n\n\n\n<div style=\"height:40px\" aria-hidden=\"true\" class=\"wp-block-spacer\"><\/div>\n\n\n\n<div class=\"wp-block-columns is-layout-flex wp-container-core-columns-is-layout-9d6595d7 wp-block-columns-is-layout-flex\">\n<div class=\"wp-block-column is-layout-flow wp-block-column-is-layout-flow\"><div class=\"wp-block-image is-style-default\">\n<figure class=\"aligncenter size-large is-resized\"><img loading=\"lazy\" decoding=\"async\" width=\"1024\" height=\"1024\" src=\"https:\/\/www.myGuitarART.ch\/wp-content\/uploads\/2022\/04\/00055-1024x1024.png\" alt=\"\" class=\"wp-image-1290\" style=\"object-fit:cover;width:360px;height:450px\" srcset=\"https:\/\/www.myGuitarART.ch\/wp-content\/uploads\/2022\/04\/00055-1024x1024.png 1024w, https:\/\/www.myGuitarART.ch\/wp-content\/uploads\/2022\/04\/00055-300x300.png 300w, https:\/\/www.myGuitarART.ch\/wp-content\/uploads\/2022\/04\/00055-150x150.png 150w, https:\/\/www.myGuitarART.ch\/wp-content\/uploads\/2022\/04\/00055-768x768.png 768w, https:\/\/www.myGuitarART.ch\/wp-content\/uploads\/2022\/04\/00055.png 1080w\" sizes=\"auto, (max-width: 1024px) 100vw, 1024px\" \/><\/figure>\n<\/div>\n\n\n<div style=\"height:10px\" aria-hidden=\"true\" class=\"wp-block-spacer\"><\/div>\n\n\n\n<h3 class=\"wp-block-heading has-text-align-center has-neve-link-color-color has-text-color\">Let&#8217;s Share \/ ROCKY GH<\/h3>\n\n\n\n<p class=\"has-text-align-center has-neve-link-color-color has-text-color\">Das Bild zeigt den Prototyp, das heisst meine erste &#8222;ROCKY&#8220;. Nicht perfekt, aber sehr lehrreich und Grundlage f\u00fcr alle nachfolgenden Projekte.<br><br>&#8222;Let&#8217;s Share \/ ROCKY&#8220; heisst sie, weil ich sie teilen wollte mit Liebhabern, die sich eine ROCKY sonst nie leisten k\u00f6nnten und auch den Erl\u00f6s wollte ich teilen, mit dem GH Fund For UNICEF. Leider gelang es mir nie zu kl\u00e4ren, ob das im Sinne der Familie von GH ist. Ist halt nicht einfach, als Nobody Kontakt zu ihr zu bekommen.<br><br>Die 10 fertig gestellten Exemplare stehen zum Verkauf, der Erl\u00f6s werde ich f\u00fcr neue Projekte einsetzen.<\/p>\n\n\n\n<div class=\"wp-block-buttons is-content-justification-center is-layout-flex wp-container-core-buttons-is-layout-16018d1d wp-block-buttons-is-layout-flex\">\n<div class=\"wp-block-button is-style-primary\"><a class=\"wp-block-button__link wp-element-button\" href=\"https:\/\/www.myguitarart.ch\/?page_id=1039\">Zur Kollektion<\/a><\/div>\n\n\n\n<div class=\"wp-block-button is-style-primary\"><a class=\"wp-block-button__link wp-element-button\" href=\"https:\/\/www.myguitarart.ch\/?page_id=75\">Frag mich<\/a><\/div>\n<\/div>\n<\/div>\n\n\n\n<div class=\"wp-block-column is-layout-flow wp-block-column-is-layout-flow\"><div class=\"wp-block-image is-style-default\">\n<figure class=\"aligncenter size-large is-resized\"><img loading=\"lazy\" decoding=\"async\" width=\"819\" height=\"1024\" src=\"http:\/\/www.myGuitarART.ch\/wp-content\/uploads\/2022\/04\/00012-819x1024.png\" alt=\"\" class=\"wp-image-1301\" style=\"object-fit:cover;width:360px;height:450px\" srcset=\"https:\/\/www.myGuitarART.ch\/wp-content\/uploads\/2022\/04\/00012-819x1024.png 819w, https:\/\/www.myGuitarART.ch\/wp-content\/uploads\/2022\/04\/00012-240x300.png 240w, https:\/\/www.myGuitarART.ch\/wp-content\/uploads\/2022\/04\/00012-768x960.png 768w, https:\/\/www.myGuitarART.ch\/wp-content\/uploads\/2022\/04\/00012.png 1080w\" sizes=\"auto, (max-width: 819px) 100vw, 819px\" \/><\/figure>\n<\/div>\n\n\n<div style=\"height:10px\" aria-hidden=\"true\" class=\"wp-block-spacer\"><\/div>\n\n\n\n<h3 class=\"wp-block-heading has-text-align-center has-neve-link-color-color has-text-color\">Let&#8217;s Share \/ ROCKY SE<\/h3>\n\n\n\n<p class=\"has-text-align-center has-neve-link-color-color has-text-color\">Die st\u00e4ndigen Fragen betreffend Urheberrechte waren Grund f\u00fcr die eigenst\u00e4ndige Special Edition (SE) Serie, bei der ich mich definitiv nur noch von der &#8222;GH Rocky&#8220; inspirieren liess.<br><br>Die Themen sind gesellschaftlicher und sozialer Natur. So finden sich Exemplare zu den Themen Frieden, Migration, LGBT+, Corona, Black Lives Matter und Klimaschutz.<br><br>Zu den Modellen geh\u00f6rt immer ein entsprechend gestalteter Verst\u00e4rker, i.d.R. ein Fender Champion 20, der \u00fcbrigens f\u00fcr das, was er ist, Erstaunliches leistet.<br><\/p>\n\n\n\n<div class=\"wp-block-buttons is-content-justification-center is-layout-flex wp-container-core-buttons-is-layout-16018d1d wp-block-buttons-is-layout-flex\">\n<div class=\"wp-block-button is-style-primary\"><a class=\"wp-block-button__link wp-element-button\" href=\"https:\/\/www.myguitarart.ch\/?page_id=1038\">Zur Kollektion<\/a><\/div>\n\n\n\n<div class=\"wp-block-button is-style-primary\"><a class=\"wp-block-button__link wp-element-button\" href=\"https:\/\/www.myguitarart.ch\/?page_id=75\">Frag mich<\/a><\/div>\n<\/div>\n<\/div>\n\n\n\n<div class=\"wp-block-column is-layout-flow wp-block-column-is-layout-flow\"><div class=\"wp-block-image is-style-default\">\n<figure class=\"aligncenter size-large is-resized\"><img loading=\"lazy\" decoding=\"async\" width=\"811\" height=\"1024\" src=\"http:\/\/www.myGuitarART.ch\/wp-content\/uploads\/2022\/04\/00020-811x1024.png\" alt=\"\" class=\"wp-image-1302\" style=\"object-fit:contain;width:360px;height:450px\" srcset=\"https:\/\/www.myGuitarART.ch\/wp-content\/uploads\/2022\/04\/00020-811x1024.png 811w, https:\/\/www.myGuitarART.ch\/wp-content\/uploads\/2022\/04\/00020-238x300.png 238w, https:\/\/www.myGuitarART.ch\/wp-content\/uploads\/2022\/04\/00020-768x970.png 768w, https:\/\/www.myGuitarART.ch\/wp-content\/uploads\/2022\/04\/00020-1217x1536.png 1217w, https:\/\/www.myGuitarART.ch\/wp-content\/uploads\/2022\/04\/00020.png 1440w\" sizes=\"auto, (max-width: 811px) 100vw, 811px\" \/><\/figure>\n<\/div>\n\n\n<div style=\"height:10px\" aria-hidden=\"true\" class=\"wp-block-spacer\"><\/div>\n\n\n\n<h3 class=\"wp-block-heading has-text-align-center has-neve-link-color-color has-text-color\">ALL THINGS MUST PASS<\/h3>\n\n\n\n<p class=\"has-text-align-center has-neve-link-color-color has-text-color\">Auf diese Serie blicke ich schon mit etwas Stolz, denn hier liess ich mich von mehreren Dingen inspirieren. &#8222;Nat\u00fcrlich&#8220; von der ROCKY, GH Interesse an der Natur und mein Interesse an der Bauernmalerei. All das bringt diese Serie zum Ausdruck. <br><br>Inzwischen habe ich unterschiedliche Gitarrenmodelle und Instrumente in dieser Serie realisiert, weitere werden hinzukommen.<br><br>Ebenfalls unterschiedlich sind die Verst\u00e4rker. Neben dem Fender Champion 20 gibt es auch Fender Bass und Akustik Verst\u00e4rker.<br><br><\/p>\n\n\n\n<div class=\"wp-block-buttons is-content-justification-center is-layout-flex wp-container-core-buttons-is-layout-16018d1d wp-block-buttons-is-layout-flex\">\n<div class=\"wp-block-button is-style-primary\"><a class=\"wp-block-button__link wp-element-button\" href=\"https:\/\/www.myguitarart.ch\/?page_id=989\">Zur Kollektion<\/a><\/div>\n\n\n\n<div class=\"wp-block-button is-style-primary\"><a class=\"wp-block-button__link wp-element-button\" href=\"https:\/\/www.myguitarart.ch\/?page_id=75\">Frag mich<\/a><\/div>\n<\/div>\n<\/div>\n<\/div>\n\n\n\n<div style=\"height:40px\" aria-hidden=\"true\" class=\"wp-block-spacer\"><\/div>\n<\/div><\/div>\n\n\n\n<h3 class=\"wp-block-heading has-text-align-center has-neve-link-color-color has-text-color has-link-color wp-elements-a2f67e7cf7afcfaad345f7613e3b43ab\">SPECIAL PROJECTS<\/h3>\n\n\n\n<div class=\"wp-block-columns is-layout-flex wp-container-core-columns-is-layout-9d6595d7 wp-block-columns-is-layout-flex\">\n<div class=\"wp-block-column is-layout-flow wp-block-column-is-layout-flow\"><\/div>\n\n\n\n<div class=\"wp-block-column is-layout-flow wp-block-column-is-layout-flow\"><div class=\"wp-block-image is-style-default\">\n<figure class=\"aligncenter size-large\"><img loading=\"lazy\" decoding=\"async\" width=\"768\" height=\"1024\" src=\"https:\/\/www.myGuitarART.ch\/wp-content\/uploads\/2023\/11\/IMG_1332-768x1024.jpeg\" alt=\"\" class=\"wp-image-1953\" srcset=\"https:\/\/www.myGuitarART.ch\/wp-content\/uploads\/2023\/11\/IMG_1332-768x1024.jpeg 768w, https:\/\/www.myGuitarART.ch\/wp-content\/uploads\/2023\/11\/IMG_1332-225x300.jpeg 225w, https:\/\/www.myGuitarART.ch\/wp-content\/uploads\/2023\/11\/IMG_1332-1152x1536.jpeg 1152w, https:\/\/www.myGuitarART.ch\/wp-content\/uploads\/2023\/11\/IMG_1332-1536x2048.jpeg 1536w, https:\/\/www.myGuitarART.ch\/wp-content\/uploads\/2023\/11\/IMG_1332-scaled.jpeg 1920w\" sizes=\"auto, (max-width: 768px) 100vw, 768px\" \/><\/figure>\n<\/div>\n\n\n<div style=\"height:16px\" aria-hidden=\"true\" class=\"wp-block-spacer\"><\/div>\n\n\n\n<p class=\"has-text-align-center has-neve-link-color-color has-text-color\">Bei diesen Projekten lasse ich mich von verschiedenen Dingen inspirieren. Daher stehen sie oft im Kontext zum aktuellen Tagesgeschehen. Manchmal sind aber auch Nonsens-Ideen, die spontan entstehen und einer Realisierung bed\u00fcrfen.<br><br>Einige Themen sind gesellschaftlicher und sozialer Art. F\u00fcr mich ein Weg mit den Themen der Zeit wie Krieg &amp; Frieden, Migration, LGBT+, Corona, etc. umzugehen resp. zu verarbeiten.<br><br>Zu manchen Modellen geh\u00f6rt auch ein entsprechend gestalteter Verst\u00e4rker, i.d.R. ein Fender Champion 20, der \u00fcbrigens f\u00fcr das, was er ist, Erstaunliches leistet.<br><br>F\u00fcr weitere Themen liegen Ideen vor.<\/p>\n\n\n\n<div class=\"wp-block-buttons is-content-justification-center is-layout-flex wp-container-core-buttons-is-layout-16018d1d wp-block-buttons-is-layout-flex\">\n<div class=\"wp-block-button is-style-primary\"><a class=\"wp-block-button__link wp-element-button\" href=\"https:\/\/www.myguitarart.ch\/?page_id=1860\">Zur Kollektion<\/a><\/div>\n\n\n\n<div class=\"wp-block-button is-style-primary\"><a class=\"wp-block-button__link wp-element-button\" href=\"https:\/\/www.myguitarart.ch\/?page_id=75\">Frag mich<\/a><\/div>\n<\/div>\n<\/div>\n\n\n\n<div class=\"wp-block-column is-layout-flow wp-block-column-is-layout-flow\"><\/div>\n<\/div>\n<\/div><\/div>\n\n\n\n<div style=\"height:40px\" aria-hidden=\"true\" class=\"wp-block-spacer\"><\/div>\n\n\n\n<div class=\"wp-block-buttons is-content-justification-center is-layout-flex wp-container-core-buttons-is-layout-16018d1d wp-block-buttons-is-layout-flex\">\n<div class=\"wp-block-button is-style-secondary\"><a class=\"wp-block-button__link wp-element-button\" href=\"https:\/\/www.myguitarart.ch\/?page_id=61\">Nach oben<\/a><\/div>\n<\/div>\n\n\n\n<div style=\"height:100px\" aria-hidden=\"true\" class=\"wp-block-spacer\"><\/div>\n","protected":false},"excerpt":{"rendered":"<p>I ME MINE ICH habe MIR MEINE vielen Gitarren zu einer Sammlung zusammengestellt, der myGuitarART Collection. Zu sehen hier und vielleicht mal anders Wanderausstellung, sofern sich Interessenten finden. volwig<\/p>\n","protected":false},"author":1,"featured_media":0,"parent":0,"menu_order":0,"comment_status":"closed","ping_status":"closed","template":"","meta":{"neve_meta_sidebar":"default","neve_meta_container":"default","neve_meta_enable_content_width":"on","neve_meta_content_width":100,"neve_meta_title_alignment":"center","neve_meta_author_avatar":"","neve_post_elements_order":"","neve_meta_disable_header":"","neve_meta_disable_footer":"","neve_meta_disable_title":"on","footnotes":""},"class_list":["post-61","page","type-page","status-publish","hentry"],"_links":{"self":[{"href":"https:\/\/www.myGuitarART.ch\/index.php?rest_route=\/wp\/v2\/pages\/61","targetHints":{"allow":["GET"]}}],"collection":[{"href":"https:\/\/www.myGuitarART.ch\/index.php?rest_route=\/wp\/v2\/pages"}],"about":[{"href":"https:\/\/www.myGuitarART.ch\/index.php?rest_route=\/wp\/v2\/types\/page"}],"author":[{"embeddable":true,"href":"https:\/\/www.myGuitarART.ch\/index.php?rest_route=\/wp\/v2\/users\/1"}],"replies":[{"embeddable":true,"href":"https:\/\/www.myGuitarART.ch\/index.php?rest_route=%2Fwp%2Fv2%2Fcomments&post=61"}],"version-history":[{"count":72,"href":"https:\/\/www.myGuitarART.ch\/index.php?rest_route=\/wp\/v2\/pages\/61\/revisions"}],"predecessor-version":[{"id":2094,"href":"https:\/\/www.myGuitarART.ch\/index.php?rest_route=\/wp\/v2\/pages\/61\/revisions\/2094"}],"wp:attachment":[{"href":"https:\/\/www.myGuitarART.ch\/index.php?rest_route=%2Fwp%2Fv2%2Fmedia&parent=61"}],"curies":[{"name":"wp","href":"https:\/\/api.w.org\/{rel}","templated":true}]}}