{"id":616,"date":"2022-04-07T10:00:09","date_gmt":"2022-04-07T10:00:09","guid":{"rendered":"https:\/\/www.myGuitarARTcollection.ch\/?page_id=616"},"modified":"2023-12-20T15:15:55","modified_gmt":"2023-12-20T15:15:55","slug":"material-zum-selbermachen-2","status":"publish","type":"page","link":"https:\/\/www.myGuitarART.ch\/?page_id=616","title":{"rendered":"Material zum Selbermachen"},"content":{"rendered":"\n<div class=\"wp-block-cover alignfull\" style=\"min-height:700px;aspect-ratio:unset;\"><span aria-hidden=\"true\" class=\"wp-block-cover__background has-nv-light-bg-background-color has-background-dim-40 has-background-dim\"><\/span><img loading=\"lazy\" decoding=\"async\" width=\"1080\" height=\"810\" class=\"wp-block-cover__image-background wp-image-1317\" alt=\"\" src=\"https:\/\/www.myGuitarART.ch\/wp-content\/uploads\/2020\/01\/00007.png\" style=\"object-position:49% 100%\" data-object-fit=\"cover\" data-object-position=\"49% 100%\" srcset=\"https:\/\/www.myGuitarART.ch\/wp-content\/uploads\/2020\/01\/00007.png 1080w, https:\/\/www.myGuitarART.ch\/wp-content\/uploads\/2020\/01\/00007-300x225.png 300w, https:\/\/www.myGuitarART.ch\/wp-content\/uploads\/2020\/01\/00007-1024x768.png 1024w, https:\/\/www.myGuitarART.ch\/wp-content\/uploads\/2020\/01\/00007-768x576.png 768w\" sizes=\"auto, (max-width: 1080px) 100vw, 1080px\" \/><div class=\"wp-block-cover__inner-container is-layout-flow wp-block-cover-is-layout-flow\">\n<div style=\"height:81px\" aria-hidden=\"true\" class=\"wp-block-spacer\"><\/div>\n\n\n\n<h1 class=\"wp-block-heading has-text-align-center has-text-color\" style=\"color:#d3ca93\">myGuitarART<\/h1>\n\n\n\n<h3 class=\"wp-block-heading has-text-align-center has-text-color has-x-large-font-size\" style=\"color:#d3ca93\">Material zum Selbermachen<\/h3>\n\n\n\n<p class=\"has-text-align-center has-text-color\" style=\"color:#d3ca93\">Die Menge macht es, daher habe ich immer wieder Material \u00fcber und biete es hier gerne an.<\/p>\n\n\n\n<div style=\"height:79px\" aria-hidden=\"true\" class=\"wp-block-spacer\"><\/div>\n\n\n\n<div style=\"height:79px\" aria-hidden=\"true\" class=\"wp-block-spacer\"><\/div>\n<\/div><\/div>\n\n\n\n<div style=\"height:80px\" aria-hidden=\"true\" class=\"wp-block-spacer\"><\/div>\n\n\n\n<h2 class=\"wp-block-heading\">Was \u00fcbrig bleibt &#8230;<\/h2>\n\n\n\n<p>Vieles plane und zeichne ich am Computer, mache Schablonen, Decals (Abziehbilder) oder auch Etiketten f\u00fcr den Stoffdruck (T-Shirts) oder lasse Schilder fertigen und vieles mehr. Es liegt in der Natur, dass sich vieles davon wiederholt nutzen l\u00e4sst (Schablonen, etc.) oder ich Mengen beschafft habe, die ich nicht f\u00fcr eigene Projekte aufbrauchen kann. All das biete ich hier g\u00fcnstig an, damit es nicht eines Tages entsorgt, sondern im besten Fall heute noch sinnvolle Verwendungen findet.<\/p>\n\n\n\n<p>Da ich ja keinen kommerziellen Handel betreibe, f\u00fchre ich auch kein Lager. Es hat, so lange es hat und wer mehr braucht oder etwas, was sich hier nicht findet, der sollte bei den <a href=\"https:\/\/www.myguitarart.ch\/?page_id=606\">Tipps zum Selbermachen<\/a> Hinweise auf Bezugsquellen finden. Oder mich fragen.<\/p>\n\n\n\n<p>HINWEIS: Das ist kein Online-Shop und weist daher auch nicht die Funktionalit\u00e4t eines solchen auf. Aber ich habe versucht die Anfragen so einfach und direkt wie m\u00f6glich zu gestalten. Ihr m\u00fcsst lediglich die wenigen Daten und euer Interesse (Fragen zum Objekt oder &#8222;Hast du eins f\u00fcr mich?&#8220; oder was auch immer) kundtun und die Abfrage absenden. Ihr erhaltet innert 24 Std. garantiert eine Antwort.<\/p>\n\n\n\n<div class=\"wp-block-buttons is-layout-flex wp-block-buttons-is-layout-flex\">\n<div class=\"wp-block-button is-style-primary\"><a class=\"wp-block-button__link wp-element-button\" href=\"https:\/\/www.myguitarart.ch\/?page_id=75\">Frag mich<\/a><\/div>\n<\/div>\n\n\n\n<div style=\"height:100px\" aria-hidden=\"true\" class=\"wp-block-spacer\"><\/div>\n\n\n\n<h2 class=\"wp-block-heading\">Materialliste<\/h2>\n\n\n\n<div style=\"height:50px\" aria-hidden=\"true\" class=\"wp-block-spacer\"><\/div>\n\n\n\n<hr class=\"wp-block-separator has-css-opacity\"\/>\n\n\n\n<h3 class=\"wp-block-heading\">Decals GRIMWOODS<\/h3>\n\n\n\n<div class=\"wp-block-columns is-layout-flex wp-container-core-columns-is-layout-9d6595d7 wp-block-columns-is-layout-flex\">\n<div class=\"wp-block-column is-layout-flow wp-block-column-is-layout-flow\" style=\"flex-basis:33.33%\">\n<figure class=\"wp-block-image size-large\"><img loading=\"lazy\" decoding=\"async\" width=\"768\" height=\"1024\" src=\"http:\/\/www.myGuitarART.ch\/wp-content\/uploads\/2022\/04\/00035-768x1024.png\" alt=\"\" class=\"wp-image-1326\" srcset=\"https:\/\/www.myGuitarART.ch\/wp-content\/uploads\/2022\/04\/00035-768x1024.png 768w, https:\/\/www.myGuitarART.ch\/wp-content\/uploads\/2022\/04\/00035-225x300.png 225w, https:\/\/www.myGuitarART.ch\/wp-content\/uploads\/2022\/04\/00035-1152x1536.png 1152w, https:\/\/www.myGuitarART.ch\/wp-content\/uploads\/2022\/04\/00035-1536x2048.png 1536w\" sizes=\"auto, (max-width: 768px) 100vw, 768px\" \/><\/figure>\n<\/div>\n\n\n\n<div class=\"wp-block-column is-layout-flow wp-block-column-is-layout-flow\" style=\"flex-basis:66.66%\">\n<p>Das Decal ist auf der R\u00fcckseite des Kopfes der original GH &#8222;ROCKY&#8220; angebracht und \u00fcber die Jahre ist einiges abgekratzt worden. Es handelt sich um den Aufkleber des Musikgesch\u00e4ftes, wo seinerzeit die Gitarre gekauft wurde, bei GRIMWOODS in Whistable, einem kleinen K\u00fcstenort s\u00fcd\u00f6stlich von London.<\/p>\n\n\n\n<p>Das Bild zeigt ein Decal in Metallic Gold, also dem Original entsprechend. Diese beschaffe ich bei einem Anbieter in LA \/ USA, da es daf\u00fcr spezielle Drucker braucht, die wie Gold etwas zu teuer sind f\u00fcr mein Budget.<\/p>\n\n\n\n<p>Decal in normalen Farben fertige ich hingegen inzwischen selbst.<\/p>\n<\/div>\n<\/div>\n\n\n\n<div style=\"height:40px\" aria-hidden=\"true\" class=\"wp-block-spacer\"><\/div>\n\n\n\n<hr class=\"wp-block-separator has-css-opacity\"\/>\n\n\n\n<div class=\"wp-block-columns is-layout-flex wp-container-core-columns-is-layout-9d6595d7 wp-block-columns-is-layout-flex\">\n<div class=\"wp-block-column is-layout-flow wp-block-column-is-layout-flow\" style=\"flex-basis:33.33%\">\n<h4 class=\"wp-block-heading\">GRIMWOODS #01<\/h4>\n\n\n\n<figure class=\"wp-block-image size-full\"><img loading=\"lazy\" decoding=\"async\" width=\"400\" height=\"151\" src=\"http:\/\/www.myGuitarART.ch\/wp-content\/uploads\/2022\/04\/GRIMWOODS-MUSTER-_1.png\" alt=\"\" class=\"wp-image-1382\" srcset=\"https:\/\/www.myGuitarART.ch\/wp-content\/uploads\/2022\/04\/GRIMWOODS-MUSTER-_1.png 400w, https:\/\/www.myGuitarART.ch\/wp-content\/uploads\/2022\/04\/GRIMWOODS-MUSTER-_1-300x113.png 300w\" sizes=\"auto, (max-width: 400px) 100vw, 400px\" \/><figcaption class=\"wp-element-caption\">GRIMWOODS Decal distroid<\/figcaption><\/figure>\n<\/div>\n\n\n\n<div class=\"wp-block-column is-layout-flow wp-block-column-is-layout-flow\" style=\"flex-basis:66.66%\">\n<p>O<em>hne diesem Decal keine &#8222;ROCKY&#8220;<\/em><\/p>\n\n\n\n<p>Wenn&#8217;s richtig Gold sein soll, dann nehme ich die aus LA.<\/p>\n\n\n\n<p>F\u00fcr die &#8222;ROCKY SE&#8220; Serie fertige ich sie auch in allen anderen, nicht Metallfarben selber. Habe immer welche \u00fcber, auch die aus LA.<\/p>\n\n\n\n<p>Wenn ihr Fragen oder Interesse habt, dann fragt mich bitte unverbindlich an.<\/p>\n\n\n\n<div class=\"wp-block-buttons is-layout-flex wp-block-buttons-is-layout-flex\">\n<div class=\"wp-block-button is-style-primary\"><a class=\"wp-block-button__link wp-element-button\" href=\"https:\/\/www.myguitarart.ch\/?page_id=75\">Frag mich<\/a><\/div>\n<\/div>\n<\/div>\n<\/div>\n\n\n\n<hr class=\"wp-block-separator has-css-opacity\"\/>\n\n\n\n<div style=\"height:40px\" aria-hidden=\"true\" class=\"wp-block-spacer\"><\/div>\n\n\n\n<div class=\"wp-block-columns is-layout-flex wp-container-core-columns-is-layout-9d6595d7 wp-block-columns-is-layout-flex\">\n<div class=\"wp-block-column is-layout-flow wp-block-column-is-layout-flow\" style=\"flex-basis:33.33%\">\n<h4 class=\"wp-block-heading\">GRIMWOODS #02<\/h4>\n\n\n\n<figure class=\"wp-block-image size-full\"><img loading=\"lazy\" decoding=\"async\" width=\"400\" height=\"151\" src=\"http:\/\/www.myGuitarART.ch\/wp-content\/uploads\/2022\/04\/GRIMWOODS-MUSTER-_2.png\" alt=\"\" class=\"wp-image-1381\" srcset=\"https:\/\/www.myGuitarART.ch\/wp-content\/uploads\/2022\/04\/GRIMWOODS-MUSTER-_2.png 400w, https:\/\/www.myGuitarART.ch\/wp-content\/uploads\/2022\/04\/GRIMWOODS-MUSTER-_2-300x113.png 300w\" sizes=\"auto, (max-width: 400px) 100vw, 400px\" \/><figcaption class=\"wp-element-caption\">GRIMWOODS Decal non-distroid<\/figcaption><\/figure>\n<\/div>\n\n\n\n<div class=\"wp-block-column is-layout-flow wp-block-column-is-layout-flow\" style=\"flex-basis:66.66%\">\n<p><em>Ohne diesem Decal keine &#8222;ROCKY&#8220;<\/em><\/p>\n\n\n\n<p>Wenn&#8217;s richtig Gold sein soll, sondern auch wie neu sein soll.<br><br>F\u00fcr die &#8222;ROCKY SE&#8220; Serie fertige ich sie auch in allen anderen, nicht Metallfarben selber. Habe immer welche \u00fcber, auch die aus LA.<\/p>\n\n\n\n<p>Wenn ihr Fragen oder Interesse habt, dann fragt mich bitte unverbindlich an.<\/p>\n\n\n\n<div class=\"wp-block-buttons is-layout-flex wp-block-buttons-is-layout-flex\">\n<div class=\"wp-block-button is-style-primary\"><a class=\"wp-block-button__link wp-element-button\" href=\"https:\/\/www.myguitarart.ch\/?page_id=75\">Frag mich<\/a><\/div>\n<\/div>\n<\/div>\n<\/div>\n\n\n\n<hr class=\"wp-block-separator has-css-opacity\"\/>\n\n\n\n<div class=\"wp-block-columns is-layout-flex wp-container-core-columns-is-layout-9d6595d7 wp-block-columns-is-layout-flex\">\n<div class=\"wp-block-column is-layout-flow wp-block-column-is-layout-flow\" style=\"flex-basis:33.33%\">\n<h4 class=\"wp-block-heading\">GRIMWOODS #03<\/h4>\n\n\n\n<figure class=\"wp-block-image size-full\"><img loading=\"lazy\" decoding=\"async\" width=\"400\" height=\"151\" src=\"http:\/\/www.myGuitarART.ch\/wp-content\/uploads\/2022\/04\/GRIMWOODS-MUSTER-_3.png\" alt=\"\" class=\"wp-image-1383\" srcset=\"https:\/\/www.myGuitarART.ch\/wp-content\/uploads\/2022\/04\/GRIMWOODS-MUSTER-_3.png 400w, https:\/\/www.myGuitarART.ch\/wp-content\/uploads\/2022\/04\/GRIMWOODS-MUSTER-_3-300x113.png 300w\" sizes=\"auto, (max-width: 400px) 100vw, 400px\" \/><figcaption class=\"wp-element-caption\">GRIMWOODS Decal farbig<\/figcaption><\/figure>\n<\/div>\n\n\n\n<div class=\"wp-block-column is-layout-flow wp-block-column-is-layout-flow\" style=\"flex-basis:66.66%\">\n<p><em>Ohne diesem Decal keine &#8222;ROCKY&#8220;<\/em><\/p>\n\n\n\n<p>Bunt ist das Leben und auch meine SE Serie, in allen Farben.<br><br>F\u00fcr die &#8222;ROCKY SE&#8220; Serie fertige ich sie auch in allen anderen, nicht Metallfarben selber. Habe immer welche \u00fcber, auch die aus LA.<\/p>\n\n\n\n<p>Wenn ihr Fragen oder Interesse habt, dann fragt mich bitte unverbindlich an.<\/p>\n\n\n\n<div class=\"wp-block-buttons is-layout-flex wp-block-buttons-is-layout-flex\">\n<div class=\"wp-block-button is-style-primary\"><a class=\"wp-block-button__link wp-element-button\" href=\"https:\/\/www.myguitarart.ch\/?page_id=75\">Frag mich<\/a><\/div>\n<\/div>\n<\/div>\n<\/div>\n\n\n\n<hr class=\"wp-block-separator has-css-opacity\"\/>\n\n\n\n<div style=\"height:50px\" aria-hidden=\"true\" class=\"wp-block-spacer\"><\/div>\n\n\n\n<h3 class=\"wp-block-heading\">Pickguards<\/h3>\n\n\n\n<div class=\"wp-block-columns is-layout-flex wp-container-core-columns-is-layout-9d6595d7 wp-block-columns-is-layout-flex\">\n<div class=\"wp-block-column is-layout-flow wp-block-column-is-layout-flow\" style=\"flex-basis:33.33%\">\n<figure class=\"wp-block-image size-large\"><img loading=\"lazy\" decoding=\"async\" width=\"768\" height=\"1024\" src=\"http:\/\/www.myGuitarART.ch\/wp-content\/uploads\/2022\/04\/00029-768x1024.png\" alt=\"\" class=\"wp-image-1331\" srcset=\"https:\/\/www.myGuitarART.ch\/wp-content\/uploads\/2022\/04\/00029-768x1024.png 768w, https:\/\/www.myGuitarART.ch\/wp-content\/uploads\/2022\/04\/00029-225x300.png 225w, https:\/\/www.myGuitarART.ch\/wp-content\/uploads\/2022\/04\/00029-1152x1536.png 1152w, https:\/\/www.myGuitarART.ch\/wp-content\/uploads\/2022\/04\/00029-1536x2048.png 1536w\" sizes=\"auto, (max-width: 768px) 100vw, 768px\" \/><\/figure>\n<\/div>\n\n\n\n<div class=\"wp-block-column is-layout-flow wp-block-column-is-layout-flow\" style=\"flex-basis:66.66%\">\n<p>Das Pickguard nimmt das Herz der Bemalung auf, das Graffiti. Der zeitaufwendigste Teil, vor allem, wenn man es m\u00fchsam ab Fotos selber vorzeichnen oder direkt malen wollte. Es sieht auf dem ersten Blick einfach aus, aber das t\u00e4uscht. Die Bemalung nimmt nur schon wegen den Trockenzeiten und der Widerspenstigkeit der fluoreszierenden Farben viel Zeit in Anspruch. Die verschiedenen Optionen bieten hier eine gute Unterst\u00fctzung f\u00fcr dein eigens Projekt. Wer es g\u00fcnstig haben will und viel selber machen will, der greift zur Transferschablone, wer gar nichts machen will, zum fertigen Pickguard inkl. vormontierten Pickups aus dem Fender Custom Shop, selbstverst\u00e4ndlich den 57-61-er.<\/p>\n<\/div>\n<\/div>\n\n\n\n<div style=\"height:40px\" aria-hidden=\"true\" class=\"wp-block-spacer\"><\/div>\n\n\n\n<hr class=\"wp-block-separator has-css-opacity\"\/>\n\n\n\n<div class=\"wp-block-columns is-layout-flex wp-container-core-columns-is-layout-9d6595d7 wp-block-columns-is-layout-flex\">\n<div class=\"wp-block-column is-layout-flow wp-block-column-is-layout-flow\" style=\"flex-basis:33.33%\">\n<h4 class=\"wp-block-heading\">Pickguard #01<\/h4>\n\n\n\n<figure class=\"wp-block-image size-full\"><img loading=\"lazy\" decoding=\"async\" width=\"400\" height=\"495\" src=\"http:\/\/www.myGuitarART.ch\/wp-content\/uploads\/2022\/04\/Pickguard-MUSTER_1.png\" alt=\"\" class=\"wp-image-1387\" srcset=\"https:\/\/www.myGuitarART.ch\/wp-content\/uploads\/2022\/04\/Pickguard-MUSTER_1.png 400w, https:\/\/www.myGuitarART.ch\/wp-content\/uploads\/2022\/04\/Pickguard-MUSTER_1-242x300.png 242w\" sizes=\"auto, (max-width: 400px) 100vw, 400px\" \/><figcaption class=\"wp-element-caption\">Pickguard Transferpapier<\/figcaption><\/figure>\n<\/div>\n\n\n\n<div class=\"wp-block-column is-layout-flow wp-block-column-is-layout-flow\" style=\"flex-basis:66.66%\">\n<p><em>as Herz der &#8222;ROCKY&#8220;.<\/em><\/p>\n\n\n\n<p>Transferschablone zum selber \u00fcbertragen.<br><br>F\u00fcr ein exaktes Ergebnis. Fehlt nur noch die Farbe. Als Hilfe liegt dem Blatt ein Farbausdruck bei.<\/p>\n\n\n\n<p>Wenn ihr Fragen oder Interesse habt, dann fragt mich bitte unverbindlich an.<\/p>\n\n\n\n<div class=\"wp-block-buttons is-layout-flex wp-block-buttons-is-layout-flex\">\n<div class=\"wp-block-button is-style-primary\"><a class=\"wp-block-button__link wp-element-button\" href=\"https:\/\/www.myguitarart.ch\/?page_id=75\">Frag mich<\/a><\/div>\n<\/div>\n<\/div>\n<\/div>\n\n\n\n<hr class=\"wp-block-separator has-css-opacity\"\/>\n\n\n\n<div style=\"height:40px\" aria-hidden=\"true\" class=\"wp-block-spacer\"><\/div>\n\n\n\n<div class=\"wp-block-columns is-layout-flex wp-container-core-columns-is-layout-9d6595d7 wp-block-columns-is-layout-flex\">\n<div class=\"wp-block-column is-layout-flow wp-block-column-is-layout-flow\" style=\"flex-basis:33.33%\">\n<h4 class=\"wp-block-heading\">Pickguard #02<\/h4>\n\n\n\n<figure class=\"wp-block-image size-full\"><img loading=\"lazy\" decoding=\"async\" width=\"400\" height=\"495\" src=\"http:\/\/www.myGuitarART.ch\/wp-content\/uploads\/2022\/04\/Pickguard-MUSTER_2.png\" alt=\"\" class=\"wp-image-1386\" srcset=\"https:\/\/www.myGuitarART.ch\/wp-content\/uploads\/2022\/04\/Pickguard-MUSTER_2.png 400w, https:\/\/www.myGuitarART.ch\/wp-content\/uploads\/2022\/04\/Pickguard-MUSTER_2-242x300.png 242w\" sizes=\"auto, (max-width: 400px) 100vw, 400px\" \/><figcaption class=\"wp-element-caption\">Pickguard Transfer- oder Siebdruck<\/figcaption><\/figure>\n<\/div>\n\n\n\n<div class=\"wp-block-column is-layout-flow wp-block-column-is-layout-flow\" style=\"flex-basis:66.66%\">\n<p><em>as Herz der &#8222;ROCKY&#8220;.<\/em><\/p>\n\n\n\n<p>Bedruckte Pickguards zum direkten Bemalen.<br><br>Die beste L\u00f6sung f\u00fcr ein exaktes Ergebnis. Fehlt nur noch die Farbe. Als Hilfe liegt dem Pickguard ein Farbausdruck bei.<\/p>\n\n\n\n<p>Wenn ihr Fragen oder Interesse habt, dann fragt mich bitte unverbindlich an.<\/p>\n\n\n\n<div class=\"wp-block-buttons is-layout-flex wp-block-buttons-is-layout-flex\">\n<div class=\"wp-block-button is-style-primary\"><a class=\"wp-block-button__link wp-element-button\" href=\"https:\/\/www.myguitarart.ch\/?page_id=75\">Frag mich<\/a><\/div>\n<\/div>\n<\/div>\n<\/div>\n\n\n\n<hr class=\"wp-block-separator has-css-opacity\"\/>\n\n\n\n<div style=\"height:40px\" aria-hidden=\"true\" class=\"wp-block-spacer\"><\/div>\n\n\n\n<div class=\"wp-block-columns is-layout-flex wp-container-core-columns-is-layout-9d6595d7 wp-block-columns-is-layout-flex\">\n<div class=\"wp-block-column is-layout-flow wp-block-column-is-layout-flow\" style=\"flex-basis:33.33%\">\n<h4 class=\"wp-block-heading\">Pickguard #03<\/h4>\n\n\n\n<figure class=\"wp-block-image size-full\"><img loading=\"lazy\" decoding=\"async\" width=\"400\" height=\"495\" src=\"http:\/\/www.myGuitarART.ch\/wp-content\/uploads\/2022\/04\/Pickguard-MUSTER_3.png\" alt=\"\" class=\"wp-image-1385\" srcset=\"https:\/\/www.myGuitarART.ch\/wp-content\/uploads\/2022\/04\/Pickguard-MUSTER_3.png 400w, https:\/\/www.myGuitarART.ch\/wp-content\/uploads\/2022\/04\/Pickguard-MUSTER_3-242x300.png 242w\" sizes=\"auto, (max-width: 400px) 100vw, 400px\" \/><figcaption class=\"wp-element-caption\">Pickguard original handbemalt<\/figcaption><\/figure>\n<\/div>\n\n\n\n<div class=\"wp-block-column is-layout-flow wp-block-column-is-layout-flow\" style=\"flex-basis:66.66%\">\n<p><em>as Herz der &#8222;ROCKY&#8220;.<\/em><\/p>\n\n\n\n<p>Wenn&#8217;s einfach und schnell gehen soll.<br><br>Ein vollst\u00e4ndig fertig bemalter Pickguard auf Basis des original Pickguards von Fender\u00ae, ein &#8217;61 in der Farbe mint.<\/p>\n\n\n\n<p>Wenn ihr Fragen oder Interesse habt, dann fragt mich bitte unverbindlich an.<\/p>\n\n\n\n<div class=\"wp-block-buttons is-layout-flex wp-block-buttons-is-layout-flex\">\n<div class=\"wp-block-button is-style-primary\"><a class=\"wp-block-button__link wp-element-button\" href=\"https:\/\/www.myguitarart.ch\/?page_id=75\">Frag mich<\/a><\/div>\n<\/div>\n<\/div>\n<\/div>\n\n\n\n<hr class=\"wp-block-separator has-css-opacity\"\/>\n\n\n\n<div style=\"height:100px\" aria-hidden=\"true\" class=\"wp-block-spacer\"><\/div>\n\n\n\n<p>Das ist nur der Anfang. Da kommen nach und nach noch einige Sachen. Einfach mal wieder reinschauen oder mich fragen, wenn ihr was bestimmtes sucht.<\/p>\n\n\n\n<div style=\"height:20px\" aria-hidden=\"true\" class=\"wp-block-spacer\"><\/div>\n\n\n\n<div class=\"wp-block-buttons is-layout-flex wp-block-buttons-is-layout-flex\">\n<div class=\"wp-block-button is-style-primary\"><a class=\"wp-block-button__link wp-element-button\" href=\"https:\/\/www.myguitarart.ch\/?page_id=75\">Frag mich<\/a><\/div>\n<\/div>\n\n\n\n<div style=\"height:40px\" aria-hidden=\"true\" class=\"wp-block-spacer\"><\/div>\n\n\n\n<div class=\"wp-block-buttons is-content-justification-center is-layout-flex wp-container-core-buttons-is-layout-16018d1d wp-block-buttons-is-layout-flex\">\n<div class=\"wp-block-button is-style-primary\"><a class=\"wp-block-button__link wp-element-button\" href=\"https:\/\/www.myguitarart.ch\/?page_id=616\">Nach oben<\/a><\/div>\n<\/div>\n\n\n\n<div style=\"height:100px\" aria-hidden=\"true\" class=\"wp-block-spacer\"><\/div>\n","protected":false},"excerpt":{"rendered":"<p>Was \u00fcbrig bleibt &#8230; Vieles plane und zeichne ich am Computer, mache Schablonen, Decals (Abziehbilder) oder auch Etiketten f\u00fcr den Stoffdruck (T-Shirts) oder lasse Schilder fertigen und vieles mehr. Es liegt in der Natur, dass sich vieles davon wiederholt nutzen l\u00e4sst (Schablonen, etc.) oder ich Mengen beschafft habe, die ich nicht f\u00fcr eigene Projekte aufbrauchen&hellip;&nbsp;<a href=\"https:\/\/www.myGuitarART.ch\/?page_id=616\" rel=\"bookmark\">Weiterlesen &raquo;<span class=\"screen-reader-text\">Material zum Selbermachen<\/span><\/a><\/p>\n","protected":false},"author":1,"featured_media":0,"parent":0,"menu_order":0,"comment_status":"closed","ping_status":"closed","template":"","meta":{"neve_meta_sidebar":"","neve_meta_container":"","neve_meta_enable_content_width":"","neve_meta_content_width":0,"neve_meta_title_alignment":"","neve_meta_author_avatar":"","neve_post_elements_order":"","neve_meta_disable_header":"","neve_meta_disable_footer":"","neve_meta_disable_title":"on","footnotes":""},"class_list":["post-616","page","type-page","status-publish","hentry"],"_links":{"self":[{"href":"https:\/\/www.myGuitarART.ch\/index.php?rest_route=\/wp\/v2\/pages\/616","targetHints":{"allow":["GET"]}}],"collection":[{"href":"https:\/\/www.myGuitarART.ch\/index.php?rest_route=\/wp\/v2\/pages"}],"about":[{"href":"https:\/\/www.myGuitarART.ch\/index.php?rest_route=\/wp\/v2\/types\/page"}],"author":[{"embeddable":true,"href":"https:\/\/www.myGuitarART.ch\/index.php?rest_route=\/wp\/v2\/users\/1"}],"replies":[{"embeddable":true,"href":"https:\/\/www.myGuitarART.ch\/index.php?rest_route=%2Fwp%2Fv2%2Fcomments&post=616"}],"version-history":[{"count":56,"href":"https:\/\/www.myGuitarART.ch\/index.php?rest_route=\/wp\/v2\/pages\/616\/revisions"}],"predecessor-version":[{"id":2055,"href":"https:\/\/www.myGuitarART.ch\/index.php?rest_route=\/wp\/v2\/pages\/616\/revisions\/2055"}],"wp:attachment":[{"href":"https:\/\/www.myGuitarART.ch\/index.php?rest_route=%2Fwp%2Fv2%2Fmedia&parent=616"}],"curies":[{"name":"wp","href":"https:\/\/api.w.org\/{rel}","templated":true}]}}